{"id":580,"date":"2017-11-08T13:07:53","date_gmt":"2017-11-08T13:07:53","guid":{"rendered":"http:\/\/213.165.68.209\/?page_id=580"},"modified":"2024-09-23T13:06:18","modified_gmt":"2024-09-23T11:06:18","slug":"aviso-legal","status":"publish","type":"page","link":"https:\/\/koalaescuelas.es\/ca\/aviso-legal\/","title":{"rendered":"Av\u00eds legal"},"content":{"rendered":"\t\t<div data-elementor-type=\"wp-page\" data-elementor-id=\"580\" class=\"elementor elementor-580\" data-elementor-post-type=\"page\">\n\t\t\t\t<div class=\"elementor-element elementor-element-7049e436 e-flex e-con-boxed e-con e-parent\" data-id=\"7049e436\" data-element_type=\"container\" data-e-type=\"container\" data-settings=\"{&quot;background_background&quot;:&quot;gradient&quot;}\">\n\t\t\t\t\t<div class=\"e-con-inner\">\n\t\t\t\t<div class=\"elementor-element elementor-element-61293c56 elementor-widget elementor-widget-text-editor\" data-id=\"61293c56\" data-element_type=\"widget\" data-e-type=\"widget\" data-widget_type=\"text-editor.default\">\n\t\t\t\t<div class=\"elementor-widget-container\">\n\t\t\t\t\t\t\t\t\t<h3>Av\u00eds legal<\/h3>\n&nbsp;\n<h2>1. DADES IDENTIFICATIVES<\/h2>\n<p class=\"\">En compliment amb el deure d\u2019informaci\u00f3 que es recull a l\u2019article 10 de la Llei 34\/2002, d\u201911 de juliol, de serveis de la societat de la informaci\u00f3 i del comer\u00e7 electr\u00f2nic, a continuaci\u00f3 s\u2019indiquen les dades seg\u00fcents:<\/p>\nL\u2019empresa titular d\u2019aquest lloc web \u00e9s KOALA SOLUCIONES EDUCATIVAS, S.A. amb domicili a\u00a0 C\/Quintanavides, 19, 1\u00aa Planta, 28050 &#8211; Madrid , amb n\u00famero de CIF: A-87045423, inscrita en el Registre Mercantil de Madrid, al volum 32.464, folio 61, hoja M-584331, inscripci\u00f3n 1\u00aa.\n\nCorreu electr\u00f2nic de contacte:\u00a0\u00a0<a href=\"mailto:info@eikoala.es\">info@eikoala.es<\/a>\n\n&nbsp;\n<h2>2. USUARIS<\/h2>\n<p class=\"\">L\u2019acc\u00e9s o l\u2019\u00fas del lloc web koalaescuelas.es atribueix la condici\u00f3 d\u2019USUARI, que accepta, des d\u2019aquest acc\u00e9s o \u00fas, les Condicions Generals d\u2019\u00das que s\u2019indiquen aqu\u00ed. Les condicions que se citen seran aplicables independentment de les Condicions Particulars que, si escau, regeixin la utilitzaci\u00f3 del lloc web o dels serveis que hi estan vinculats. La prestaci\u00f3 del servei del lloc web t\u00e9 car\u00e0cter gratu\u00eft.<\/p>\nQuan l\u2019USUARI es registri i aporti dades personals per poder accedir a algun dels serveis espec\u00edfics, a la recollida i al tractament de les dades personals dels USUARIS hi ser\u00e0 aplicable el que disposa l\u2019ep\u00edgraf sobre seguretat i protecci\u00f3 de dades de car\u00e0cter personal.\n\n&nbsp;\n<h2>3. OBLIGACIONS DE L\u2019USUARI<\/h2>\n<p class=\"\">El simple acc\u00e9s, navegaci\u00f3 i \u00fas del lloc web comporta i suposa l\u2019acceptaci\u00f3, per part de l\u2019Usuari, de l\u2019Av\u00eds Legal vigent i publicat en cada moment.<\/p>\nEl lloc web de www.koalaescuelas.es proporciona l\u2019acc\u00e9s a multitud d\u2019informacions, serveis, programes o dades (d\u2019ara endavant, \u201cels continguts\u201d) a Internet que pertanyen a KOALA SOLUCIONES EDUCATIVAS,S.A. o als seus llicenciadors als quals l\u2019USUARI pugui tenir acc\u00e9s.\n\nL\u2019USUARI assumeix la responsabilitat de l\u2019\u00fas del PORTAL. Aquesta responsabilitat s\u2019est\u00e9n al registre que fos necessari per accedir a certs serveis o continguts. En aquest registre, l\u2019USUARI ser\u00e0 responsable d\u2019aportar informaci\u00f3 vera\u00e7 i l\u00edcita. Com a conseq\u00fc\u00e8ncia d\u2019aquest registre, a l\u2019USUARI se li pot proporcionar una contrasenya, de la qual ser\u00e0 responsable i es compromet a fer un \u00fas diligent i confidencial.\n\nL\u2019USUARI es compromet a fer un \u00fas adequat dels continguts i dels serveis que KOALA SOLUCIONES EDUCATIVAS,S.A., ofereix a trav\u00e9s del seu lloc web i amb car\u00e0cter enunciatiu per\u00f2 no limitatiu, a no emprar-los per (i) inc\u00f3rrer en activitats il\u00b7l\u00edcites, il\u00b7legals o contr\u00e0ries a la bona fe i a l\u2019ordre p\u00fablic; (ii) difondre continguts o propaganda de car\u00e0cter racista, xen\u00f2fob, pornogr\u00e0fic-il\u00b7legal, d\u2019apologia del terrorisme o que atempti contra els drets humans; (iii) provocar danys en els sistemes f\u00edsics i l\u00f2gics de www.koalaescuelas.es, dels seus prove\u00efdors o de terceres persones, introduir o difondre a la xarxa virus inform\u00e0tics o qualssevol altres sistemes f\u00edsics o l\u00f2gics que siguin susceptibles de provocar els danys que s\u2019han esmentat anteriorment; (iv) intentar accedir i, si escau, fer servir els comptes de correu electr\u00f2nic d\u2019altres usuaris i modificar o manipular-ne els missatges.\n\nKOALA SOLUCIONES EDUCATIVAS,S.A., es reserva el dret de retirar tots els comentaris i les aportacions que vulnerin el respecte a la dignitat de la persona, que siguin discriminatoris, xen\u00f2fobs, racistes, pornogr\u00e0fics, que atemptin contra el jovent o la inf\u00e0ncia, l\u2019ordre o la seguretat p\u00fablica o que, si ho considera aix\u00ed, no siguin adequats per a la seva publicaci\u00f3.\n\nEn qualsevol cas, KOALA SOLUCIONES EDUCATIVAS,S.A. no ser\u00e0 responsable de les opinions que expressin els usuaris a trav\u00e9s dels f\u00f2rums, missatges o altres eines de participaci\u00f3, si escau.\n\n&nbsp;\n<h2>4. PROPIETAT INTEL\u00b7LECTUAL I INDUSTRIAL<\/h2>\n<p class=\"\">KOALA SOLUCIONES EDUCATIVAS, S.A., per ella mateixa o com a cession\u00e0ria, \u00e9s titular de tots els drets de propietat intel\u00b7lectual i industrial de les seves p\u00e0gines webs, aix\u00ed com dels elements que s\u2019hi recullen (a t\u00edtol enunciatiu, imatges, so, \u00e0udio, v\u00eddeo, programari o textos; marques o logotips, combinacions de colors, estructura i disseny, selecci\u00f3 de materials usats, programes d\u2019ordinador necessaris per al seu funcionament, acc\u00e9s i \u00fas, etc.).<\/p>\n<p class=\"\">L\u2019usuari es compromet a respectar els drets de propietat intel\u00b7lectual i industrial titularitat de KOALA SOLUCIONES EDUCATIVAS, S.A. L\u2019acc\u00e9s, la navegaci\u00f3, la utilitzaci\u00f3, l\u2019emmagatzematge o les desc\u00e0rregues del contingut, per part de l\u2019usuari al lloc web no li atorga cap dret de propietat sobre aquests.<\/p>\nEn conseq\u00fc\u00e8ncia, l\u2019\u00fas dels continguts del lloc web per part de l\u2019usuari ser\u00e0 per al seu \u00fas privat i, sempre que, amb aix\u00f2 no infringeixi el copyright o qualsevol altre dret de KOALA SOLUCIONES EDUCATIVAS, S.A.. Aquesta autoritzaci\u00f3 de c\u00f2pia privada no implica la concessi\u00f3 de cap mena de llic\u00e8ncia o dret d\u2019explotaci\u00f3 a favor de l\u2019usuari.\n\n&nbsp;\n<h2>5. EXCLUSI\u00d3 DE GARANTIES I RESPONSABILITAT<\/h2>\n<p class=\"\">KOALA SOLUCIONES EDUCATIVAS, S.A. ha adoptat totes les mesures necess\u00e0ries, dins de les seves possibilitats i de l\u2019estat de la tecnologia, per garantir el funcionament del lloc web i evitar l\u2019exist\u00e8ncia i la transmissi\u00f3 de virus i altres components nocius als Usuaris.<\/p>\n<p class=\"\">L\u2019Usuari ha de saber que les comunicacions a trav\u00e9s de xarxes obertes estan exposades a una pluralitat d\u2019amenaces que fa que no siguin segures. \u00c9s responsabilitat de l\u2019Usuari adoptar totes les mesures t\u00e8cniques adequades per controlar raonablement aquestes amenaces i, entre aquestes, el fet de tenir sistemes actualitzats de detecci\u00f3 de programari malici\u00f3s, com ara virus, troians, etc., aix\u00ed com tenir actualitzats els pegats de seguretat dels corresponents navegadors.<\/p>\n<p class=\"\">KOALA SOLUCIONES EDUCATIVAS, S.A. no es fa responsable, en cap cas, dels danys i perjudicis de qualsevol naturalesa que pogu\u00e9s ocasionar.<\/p>\n<p class=\"\">KOALA SOLUCIONES EDUCATIVAS, S.A. no garanteix la mancada disponibilitat, manteniment i efectiu funcionament del lloc web i\/o dels seus serveis. No obstant aix\u00f2, posar\u00e0 els seus millors esfor\u00e7os a procurar que el lloc web estigui accessible i en ple funcionament tot el temps.<\/p>\n&nbsp;\n<h2>6. \u00daS DE GALETES<\/h2>\n<p class=\"\">El lloc web de www.clece.es fa servir galetes (petits arxius d\u2019informaci\u00f3 que el servidor envia a l\u2019ordinador de qui accedeix a la p\u00e0gina) per al funcionament i la visualitzaci\u00f3 correctes dels llocs web per part de l\u2019usuari, aix\u00ed com la recollida d\u2019estad\u00edstiques. Per a m\u00e9s informaci\u00f3, accedeixi a la nostra <a href=\"https:\/\/koalaescuelas.es\/ca\/politica-de-cookies\/\">Pol\u00edtica de Galetes.<\/a><\/p>\n&nbsp;\n<h2>7. ENLLA\u00c7OS<\/h2>\n<p class=\"\">Els enlla\u00e7os continguts en el nostre lloc web poden dirigir a continguts web de tercers. L\u2019objectiu d\u2019aquests enlla\u00e7os \u00fanicament \u00e9s facilitar-li la cerca dels recursos que li puguin interessar a trav\u00e9s d\u2019Internet.\nKOALA SOLUCIONES EDUCATIVAS, S.A. no assumeix cap responsabilitat pel contingut, les informacions o els serveis que poguessin apar\u00e8ixer en aquests llocs, que tindran exclusivament car\u00e0cter informatiu i que en cap cas impliquen una relaci\u00f3 entre KOALA SOLUCIONES EDUCATIVAS, S.A. i les persones o entitats titulars d\u2019aquests continguts o titulars dels llocs on es trobin.<\/p>\n<p class=\"\">Los enlla\u00e7os als webs de KOALA SOLUCIONES EDUCATIVAS, S.A. hauran de respectar les condicions seg\u00fcents:<\/p>\n<p style=\"padding-left: 30px;\"><strong>\u00b7<\/strong>\u00a0L\u2019establiment de l\u2019enlla\u00e7 no suposar\u00e0 cap tipus d\u2019acord, contracte, patrocini ni recomanaci\u00f3 per part de KOALA SOLUCIONES EDUCATIVAS, S.A. de la p\u00e0gina que fa l\u2019enlla\u00e7.<\/p>\n<p style=\"padding-left: 30px;\"><strong>\u00b7<\/strong>\u00a0La p\u00e0gina web en la qual s\u2019estableixi l\u2019hiperenlla\u00e7 no contindr\u00e0 informacions amb continguts que siguin il\u00b7l\u00edcits, discriminatoris, contraris als principis \u00e8tics comunament acceptats o atemptin contra l\u2019ordre p\u00fablic, aix\u00ed com tampoc no contindr\u00e0 continguts contraris a qualssevol drets de tercers.<\/p>\n<p style=\"padding-left: 30px;\"><strong>\u00b7<\/strong>\u00a0KOALA SOLUCIONES EDUCATIVAS, S.A. podr\u00e0 sol\u00b7licitar que es retiri un enlla\u00e7 del seu web, sense necessitat d\u2019al\u00b7legar-ne cap causa. En aquest cas, la p\u00e0gina que hagi fet l\u2019enlla\u00e7 haur\u00e0 de procedir a suprimir-lo immediatament, tan aviat com rebi la notificaci\u00f3 de KOALA SOLUCIONES EDUCATIVAS, S.A.<\/p>\n<p style=\"padding-left: 30px;\"><strong>\u00b7<\/strong>\u00a0No es responsabilitza de cap manera ni garanteix la qualitat, exactitud, fiabilitat, correcci\u00f3 o moralitat de continguts o serveis que l\u2019establiment de l\u2019hiperenlla\u00e7 pugui oferir. L\u2019usuari assumeix, sota la seva exclusiva responsabilitat, les conseq\u00fc\u00e8ncies, els danys o les accions que poguessin derivar-se de l\u2019acc\u00e9s a la p\u00e0gina web de l\u2019hiperenlla\u00e7.<\/p>\nLa p\u00e0gina web en la qual s\u2019estableixi l\u2019hiperenlla\u00e7 no podr\u00e0 contenir cap marca, denominaci\u00f3, logotip, esl\u00f2gan o altres signes distintius pertanyents a KOALA SOLUCIONES EDUCATIVAS, S.A. excepte aquells signes que formin part del mateix hiperenlla\u00e7.\n\n&nbsp;\n<h2>8. GENERALITATS<\/h2>\n<p class=\"\">KOALA SOLUCIONES EDUCATIVAS, S.A. perseguir\u00e0 l\u2019incompliment d\u2019aquestes condicions aix\u00ed com de qualsevol utilitzaci\u00f3 indeguda dels seus llocs web i exercir\u00e0 totes les accions civils i penals que li puguin correspondre en dret.<\/p>\n&nbsp;\n<h2>9. MODIFICACI\u00d3 D\u2019AQUESTES CONDICIONS I DURADA<\/h2>\n<p class=\"\">KOALA SOLUCIONES EDUCATIVAS, S.A. es reserva el dret de fer, en qualsevol moment i sense av\u00eds previ, qualsevol modificaci\u00f3 que consideri oportuna en el seu lloc web.<\/p>\nKOALA SOLUCIONES EDUCATIVAS, S.A. podr\u00e0 modificar, en qualsevol moment, les condicions que aqu\u00ed es determinin, que es publicaran degudament quan apareguin aqu\u00ed. La vig\u00e8ncia de les condicions citades coincideix amb el temps de la seva exposici\u00f3, fins que siguin modificades totalment o parcialment, moment en el qual passaran a tenir vig\u00e8ncia des del moment de la seva modificaci\u00f3 i publicaci\u00f3 en el lloc web.\n\n&nbsp;\n<h2>10. LEGISLACI\u00d3 APLICABLE I JURISDICCI\u00d3<\/h2>\nLa relaci\u00f3 entre l&#8217;Empresa i l&#8217;USUARI es regir\u00e0 per la normativa espanyola vigent i qualsevol controv\u00e8rsia es recorrer\u00e0 als jutjats i tribunals que corresponguin a la compet\u00e8ncia territorial de l&#8217;Empresa titular de la web, renunciant expressament l&#8217;usuari a qualsevol altre fur que pogu\u00e9s ser competent.\t\t\t\t\t\t\t\t<\/div>\n\t\t\t\t<\/div>\n\t\t\t\t\t<\/div>\n\t\t\t\t<\/div>\n\t\t\t\t<\/div>\n\t\t","protected":false},"excerpt":{"rendered":"<p>Av\u00eds legal &nbsp; 1. DADES IDENTIFICATIVES En compliment amb el deure d\u2019informaci\u00f3 que es recull a l\u2019article 10 de la Llei 34\/2002, d\u201911 de juliol, de serveis de la societat de la informaci\u00f3 i del comer\u00e7 electr\u00f2nic, a continuaci\u00f3 s\u2019indiquen les dades seg\u00fcents: L\u2019empresa titular d\u2019aquest lloc web \u00e9s KOALA SOLUCIONES EDUCATIVAS, S.A. amb domicili [&hellip;]<\/p>\n","protected":false},"author":70,"featured_media":0,"parent":0,"menu_order":0,"comment_status":"closed","ping_status":"closed","template":"","meta":{"_acf_changed":false,"footnotes":""},"class_list":["post-580","page","type-page","status-publish","hentry"],"acf":[],"yoast_head":"<!-- This site is optimized with the Yoast SEO plugin v27.3 - https:\/\/yoast.com\/product\/yoast-seo-wordpress\/ -->\n<title>Av\u00eds legal - Koala Escoles Bressol<\/title>\n<meta name=\"robots\" content=\"noindex, nofollow\" \/>\n<meta property=\"og:locale\" content=\"ca_ES\" \/>\n<meta property=\"og:type\" content=\"article\" \/>\n<meta property=\"og:title\" content=\"Av\u00eds legal - Koala Escoles Bressol\" \/>\n<meta property=\"og:description\" content=\"Av\u00eds legal &nbsp; 1. DADES IDENTIFICATIVES En compliment amb el deure d\u2019informaci\u00f3 que es recull a l\u2019article 10 de la Llei 34\/2002, d\u201911 de juliol, de serveis de la societat de la informaci\u00f3 i del comer\u00e7 electr\u00f2nic, a continuaci\u00f3 s\u2019indiquen les dades seg\u00fcents: L\u2019empresa titular d\u2019aquest lloc web \u00e9s KOALA SOLUCIONES EDUCATIVAS, S.A. amb domicili [&hellip;]\" \/>\n<meta property=\"og:url\" content=\"https:\/\/koalaescuelas.es\/ca\/aviso-legal\/\" \/>\n<meta property=\"og:site_name\" content=\"Koala Escoles Bressol\" \/>\n<meta property=\"article:modified_time\" content=\"2024-09-23T11:06:18+00:00\" \/>\n<meta name=\"twitter:card\" content=\"summary_large_image\" \/>\n<meta name=\"twitter:label1\" content=\"Temps estimat de lectura\" \/>\n\t<meta name=\"twitter:data1\" content=\"8 minuts\" \/>\n<script type=\"application\/ld+json\" class=\"yoast-schema-graph\">{\"@context\":\"https:\\\/\\\/schema.org\",\"@graph\":[{\"@type\":\"WebPage\",\"@id\":\"https:\\\/\\\/koalaescuelas.es\\\/ca\\\/aviso-legal\\\/\",\"url\":\"https:\\\/\\\/koalaescuelas.es\\\/ca\\\/aviso-legal\\\/\",\"name\":\"Av\u00eds legal - Koala Escoles Bressol\",\"isPartOf\":{\"@id\":\"https:\\\/\\\/koalaescuelas.es\\\/ca\\\/#website\"},\"datePublished\":\"2017-11-08T13:07:53+00:00\",\"dateModified\":\"2024-09-23T11:06:18+00:00\",\"inLanguage\":\"ca\",\"potentialAction\":[{\"@type\":\"ReadAction\",\"target\":[\"https:\\\/\\\/koalaescuelas.es\\\/ca\\\/aviso-legal\\\/\"]}]},{\"@type\":\"WebSite\",\"@id\":\"https:\\\/\\\/koalaescuelas.es\\\/ca\\\/#website\",\"url\":\"https:\\\/\\\/koalaescuelas.es\\\/ca\\\/\",\"name\":\"Koala Escoles Bressol\",\"description\":\"\",\"publisher\":{\"@id\":\"https:\\\/\\\/koalaescuelas.es\\\/ca\\\/#organization\"},\"potentialAction\":[{\"@type\":\"SearchAction\",\"target\":{\"@type\":\"EntryPoint\",\"urlTemplate\":\"https:\\\/\\\/koalaescuelas.es\\\/ca\\\/?s={search_term_string}\"},\"query-input\":{\"@type\":\"PropertyValueSpecification\",\"valueRequired\":true,\"valueName\":\"search_term_string\"}}],\"inLanguage\":\"ca\"},{\"@type\":\"Organization\",\"@id\":\"https:\\\/\\\/koalaescuelas.es\\\/ca\\\/#organization\",\"name\":\"Koala Escoles Bressol\",\"url\":\"https:\\\/\\\/koalaescuelas.es\\\/ca\\\/\",\"logo\":{\"@type\":\"ImageObject\",\"inLanguage\":\"ca\",\"@id\":\"https:\\\/\\\/koalaescuelas.es\\\/ca\\\/#\\\/schema\\\/logo\\\/image\\\/\",\"url\":\"https:\\\/\\\/koalaescuelas.es\\\/ca\\\/wp-content\\\/uploads\\\/sites\\\/89\\\/2020\\\/11\\\/logo_12_K.ng_cat.png\",\"contentUrl\":\"https:\\\/\\\/koalaescuelas.es\\\/ca\\\/wp-content\\\/uploads\\\/sites\\\/89\\\/2020\\\/11\\\/logo_12_K.ng_cat.png\",\"width\":176,\"height\":36,\"caption\":\"Koala Escoles Bressol\"},\"image\":{\"@id\":\"https:\\\/\\\/koalaescuelas.es\\\/ca\\\/#\\\/schema\\\/logo\\\/image\\\/\"}}]}<\/script>\n<!-- \/ Yoast SEO plugin. -->","yoast_head_json":{"title":"Av\u00eds legal - Koala Escoles Bressol","robots":{"index":"noindex","follow":"nofollow"},"og_locale":"ca_ES","og_type":"article","og_title":"Av\u00eds legal - Koala Escoles Bressol","og_description":"Av\u00eds legal &nbsp; 1. DADES IDENTIFICATIVES En compliment amb el deure d\u2019informaci\u00f3 que es recull a l\u2019article 10 de la Llei 34\/2002, d\u201911 de juliol, de serveis de la societat de la informaci\u00f3 i del comer\u00e7 electr\u00f2nic, a continuaci\u00f3 s\u2019indiquen les dades seg\u00fcents: L\u2019empresa titular d\u2019aquest lloc web \u00e9s KOALA SOLUCIONES EDUCATIVAS, S.A. amb domicili [&hellip;]","og_url":"https:\/\/koalaescuelas.es\/ca\/aviso-legal\/","og_site_name":"Koala Escoles Bressol","article_modified_time":"2024-09-23T11:06:18+00:00","twitter_card":"summary_large_image","twitter_misc":{"Temps estimat de lectura":"8 minuts"},"schema":{"@context":"https:\/\/schema.org","@graph":[{"@type":"WebPage","@id":"https:\/\/koalaescuelas.es\/ca\/aviso-legal\/","url":"https:\/\/koalaescuelas.es\/ca\/aviso-legal\/","name":"Av\u00eds legal - Koala Escoles Bressol","isPartOf":{"@id":"https:\/\/koalaescuelas.es\/ca\/#website"},"datePublished":"2017-11-08T13:07:53+00:00","dateModified":"2024-09-23T11:06:18+00:00","inLanguage":"ca","potentialAction":[{"@type":"ReadAction","target":["https:\/\/koalaescuelas.es\/ca\/aviso-legal\/"]}]},{"@type":"WebSite","@id":"https:\/\/koalaescuelas.es\/ca\/#website","url":"https:\/\/koalaescuelas.es\/ca\/","name":"Koala Escoles Bressol","description":"","publisher":{"@id":"https:\/\/koalaescuelas.es\/ca\/#organization"},"potentialAction":[{"@type":"SearchAction","target":{"@type":"EntryPoint","urlTemplate":"https:\/\/koalaescuelas.es\/ca\/?s={search_term_string}"},"query-input":{"@type":"PropertyValueSpecification","valueRequired":true,"valueName":"search_term_string"}}],"inLanguage":"ca"},{"@type":"Organization","@id":"https:\/\/koalaescuelas.es\/ca\/#organization","name":"Koala Escoles Bressol","url":"https:\/\/koalaescuelas.es\/ca\/","logo":{"@type":"ImageObject","inLanguage":"ca","@id":"https:\/\/koalaescuelas.es\/ca\/#\/schema\/logo\/image\/","url":"https:\/\/koalaescuelas.es\/ca\/wp-content\/uploads\/sites\/89\/2020\/11\/logo_12_K.ng_cat.png","contentUrl":"https:\/\/koalaescuelas.es\/ca\/wp-content\/uploads\/sites\/89\/2020\/11\/logo_12_K.ng_cat.png","width":176,"height":36,"caption":"Koala Escoles Bressol"},"image":{"@id":"https:\/\/koalaescuelas.es\/ca\/#\/schema\/logo\/image\/"}}]}},"_links":{"self":[{"href":"https:\/\/koalaescuelas.es\/ca\/wp-json\/wp\/v2\/pages\/580","targetHints":{"allow":["GET"]}}],"collection":[{"href":"https:\/\/koalaescuelas.es\/ca\/wp-json\/wp\/v2\/pages"}],"about":[{"href":"https:\/\/koalaescuelas.es\/ca\/wp-json\/wp\/v2\/types\/page"}],"author":[{"embeddable":true,"href":"https:\/\/koalaescuelas.es\/ca\/wp-json\/wp\/v2\/users\/70"}],"replies":[{"embeddable":true,"href":"https:\/\/koalaescuelas.es\/ca\/wp-json\/wp\/v2\/comments?post=580"}],"version-history":[{"count":0,"href":"https:\/\/koalaescuelas.es\/ca\/wp-json\/wp\/v2\/pages\/580\/revisions"}],"wp:attachment":[{"href":"https:\/\/koalaescuelas.es\/ca\/wp-json\/wp\/v2\/media?parent=580"}],"curies":[{"name":"wp","href":"https:\/\/api.w.org\/{rel}","templated":true}]}}