{"id":579,"date":"2017-11-08T13:07:52","date_gmt":"2017-11-08T13:07:52","guid":{"rendered":"http:\/\/213.165.68.209\/?page_id=579"},"modified":"2024-09-23T13:05:17","modified_gmt":"2024-09-23T11:05:17","slug":"politica-de-cookies","status":"publish","type":"page","link":"https:\/\/koalaescuelas.es\/ca\/politica-de-cookies\/","title":{"rendered":"Pol\u00edtica de Cookies"},"content":{"rendered":"\t\t<div data-elementor-type=\"wp-page\" data-elementor-id=\"579\" class=\"elementor elementor-579\" data-elementor-post-type=\"page\">\n\t\t\t\t<div class=\"elementor-element elementor-element-3b55c612 e-flex e-con-boxed e-con e-parent\" data-id=\"3b55c612\" data-element_type=\"container\" data-e-type=\"container\" data-settings=\"{&quot;background_background&quot;:&quot;gradient&quot;}\">\n\t\t\t\t\t<div class=\"e-con-inner\">\n\t\t\t\t<div class=\"elementor-element elementor-element-6045e3c elementor-widget elementor-widget-text-editor\" data-id=\"6045e3c\" data-element_type=\"widget\" data-e-type=\"widget\" data-widget_type=\"text-editor.default\">\n\t\t\t\t<div class=\"elementor-widget-container\">\n\t\t\t\t\t\t\t\t\t<h3 style=\"text-align: center;\">POL\u00cdTICA\u00a0DE COOKIES<\/h3>\n<h2>INTRODUCCI\u00d3<\/h2>\n<span style=\"font-weight: 400;\">L\u2019editor del lloc <\/span><a href=\"https:\/\/koalaescuelas.es\/ca\/\"><span style=\"font-weight: 400;\">koalaescuelas.es<\/span><\/a><span style=\"font-weight: 400;\"> \u00e9s KOALA SOLUCIONES EDUCATIVAS S.A.<\/span>\n\n<span style=\"font-weight: 400;\">KOALA SOLUCIONES EDUCATIVAS S.A., en compliment de l\u2019article 22 de la Llei 34\/2002, d\u201911 de juliol, de serveis de la societat de la informaci\u00f3 i de comer\u00e7 electr\u00f2nic, facilita, als usuaris, informaci\u00f3 relativa a les galetes com ara qu\u00e8 s\u00f3n, quins tipus de galetes s\u2019instal\u2022len a l\u2019ordinador (d\u2019ara endavant \u00abequip\u00bb) de l\u2019usuari quan aquest visita el nostre lloc i quina \u00e9s la finalitat de l\u2019\u00fas de les galetes.<\/span>\n<h2>QU\u00c8 S\u00d3N LES GALETES?<\/h2>\n<span style=\"font-weight: 400;\">Una \u201cgaleta\u201d \u00e9s un element de dades que un lloc web pot enviar al vostre navegador i que pot ser que s\u2019emmagatzemi al vostre sistema.<\/span>\n\n<span style=\"font-weight: 400;\">Una galeta \u00e9s un arxiu petit de text que un prove\u00efdor de serveis en l\u00ednia (com koalaescuelas.es) instal\u2022la a l\u2019equip de les persones que visiten el seu lloc web. Les galetes poden recaptar informaci\u00f3 sobre els h\u00e0bits dels visitants pel que fa a l\u2019\u00fas d\u2019aquest lloc web tot registrant les activitats del seu equip en relaci\u00f3 amb aquest lloc, per exemple, quan compren algun article.<\/span>\n\n<span style=\"font-weight: 400;\">Les galetes es fan servir, fonamentalment, per optimitzar el funcionament de lloc web. Les galetes que es generen quan un usuari nom\u00e9s visita el nostre lloc no ens permeten identificar-lo personalment.<\/span>\n<h2>TIPUS DE GALETES<\/h2>\n<span style=\"font-weight: 400;\">La informaci\u00f3 que us proporcionem a continuaci\u00f3 us ajudar\u00e0 a entendre els diferents tipus de galetes:<\/span>\n\n<b>Segons el termini de temps que estan activades:<\/b>\n\n<b>Galetes de sessi\u00f3:<\/b><span style=\"font-weight: 400;\">\u00a0s\u00f3n galetes temporals que es troben a l\u2019arxiu de galetes del vostre navegador fins que abandoneu el lloc web, amb la qual cosa al vostre equip no queda cap galeta registrada. La informaci\u00f3 que s\u2019obt\u00e9 mitjan\u00e7ant aquestes galetes serveix per analitzar les pautes de tr\u00e0nsit al web. Per exemple, permeten fer un seguiment de l\u2019\u00fas que l\u2019usuari fa dels nostres llocs durant una sessi\u00f3 de navegaci\u00f3 \u00fanica i ajuden a fer servir el nostre lloc d\u2019una manera m\u00e9s efica\u00e7.<\/span>\n\n<b>Galetes persistents:<\/b><span style=\"font-weight: 400;\">\u00a0s\u2019emmagatzemen a l\u2019equip de l\u2019usuari durant una sessi\u00f3 de navegaci\u00f3 i es queden a l\u2019equip en finalitzar la sessi\u00f3 de navegaci\u00f3. Les galetes persistents es mantenen actives durant per\u00edodes definits que poden anar des de diversos minuts fins a diversos anys.<\/span>\n<h2>SEGONS L\u2019ENTITAT QUE LES GESTIONI<\/h2>\n<b>Galetes pr\u00f2pies<\/b>\n\n<span style=\"font-weight: 400;\">S\u00f3n les que s\u2019envien a l\u2019equip de l\u2019usuari des d\u2019un equip o domini gestionat pel mateix editor i des del qual es presta el servei que hagi sol\u2022licitat l\u2019usuari.<\/span>\n\n<span style=\"font-weight: 400;\">Poden incloure galetes com ara galetes de sessi\u00f3 i galetes persistents. Fem servir les galetes d\u2019origen per seguir els moviments que es fan des de l\u2019ordinador o un altre dispositiu de l\u2019usuari en consultar el nostre lloc, per exemple, amb finalitats de comercialitzaci\u00f3 i an\u00e0lisi.<\/span>\n\n<b>Galetes de tercers<\/b>\n\n<span style=\"font-weight: 400;\">S\u00f3n les que s\u2019envien a l\u2019equip de l\u2019usuari des d\u2019un equip o domini que no el gestiona l\u2019editor, sin\u00f3 una altra entitat que tracta les dades que obt\u00e9 a trav\u00e9s de les galetes, com ara les que es fan servir en xarxes socials o les que fan servir complements externs de contingut com ara Google Maps.<\/span>\n<h2>RELACI\u00d3 I DESCRIPCI\u00d3 DE LES GALETES:<\/h2>\n<span style=\"font-weight: 400;\">A continuaci\u00f3 us proporcionem informaci\u00f3 m\u00e9s detallada sobre les galetes que s\u2019instal\u2022len a l\u2019equip de l\u2019usuari en visitar el nostre lloc:<\/span>\n\n<script id=\"CookieDeclaration\" data-culture=\"CA\" src=\"https:\/\/consent.cookiebot.com\/9114a1c8-59ad-41ac-bb8e-47bd0f8357cf\/cd.js\" type=\"text\/javascript\" async><\/script>\n<h2>\u00daS DE P\u00cdXELS INVISIBLES<\/h2>\n<span style=\"font-weight: 400;\">Algunes de les nostres p\u00e0gines web poden contenir imatges electr\u00f2niques conegudes com a p\u00edxels invisibles (altes vegades conegudes tamb\u00e9 com a gifs transparents) que ens permeten comptar els usuaris que han visitat aquestes p\u00e0gines. Els p\u00edxels invisibles nom\u00e9s recullen informaci\u00f3 limitada que inclou un n\u00famero de galeta, l\u2019hora i la data en qu\u00e8 s\u2019ha vist la p\u00e0gina i una descripci\u00f3 de la p\u00e0gina en la qual resideix el p\u00edxel invisible. Tamb\u00e9 podem transportar els p\u00edxels invisibles col\u2022locats per tercers anunciants. Aquests p\u00edxels no porten cap mena d\u2019informaci\u00f3 personal identificable i nom\u00e9s es fan servir per rastrejar l\u2019efic\u00e0cia d\u2019una campanya espec\u00edfica.<\/span>\n<h2>DE QUINA MANERA ES PODEN DESACTIVAR LES GALETES?<\/h2>\n<span style=\"font-weight: 400;\">Per bloquejar\/deshabilitar la instal\u2022laci\u00f3 de galetes al seu equip, l\u2019usuari ha de modificar la configuraci\u00f3 del navegador; per fer-ho, ha de seguir les instruccions que li proporcioni el prove\u00efdor del navegador d\u2019Internet o de qualsevol altre dispositiu. No obstant aix\u00f2, l\u2019usuari ha de tenir en compte que aquest bloqueig pot limitar, en gran mesura, el grau de satisfacci\u00f3 de les visites a <\/span><a href=\"https:\/\/koalaescuelas.es\/ca\/\"><span style=\"font-weight: 400;\">koalaescuelas.es<\/span><\/a><span style=\"font-weight: 400;\"> i, fins i tot, pot impedir-li de fer servir els nostres llocs. Normalment \u00e9s possible deixar d\u2019acceptar les galetes del navegador, o deixar d\u2019acceptar les galetes d\u2019un servei en particular.<\/span>\n\n<span style=\"font-weight: 400;\">Els usuaris poden decidir lliurement de gestionar l\u2019\u00fas de les galetes (habilitar\/deshabilitar). Poden controlar i modificar els ajustos de les galetes en el seu navegador web. Les informacions sobre els ajustos de les galetes (per a diferents navegadors web) estan disponibles a trav\u00e9s dels enlla\u00e7os seg\u00fcents:<\/span>\n\n<a href=\"https:\/\/support.google.com\/chrome\/answer\/95647?hl=es-es&amp;p=cpn_cookies\"><span style=\"font-weight: 400;\">Chrome<\/span><\/a>\n\n<a href=\"http:\/\/support.mozilla.org\/es\/kb\/habilitar-y-deshabilitar-cookies-que-los-sitios-we\"><span style=\"font-weight: 400;\">Firefox<\/span><\/a>\n\n<a href=\"http:\/\/windows.microsoft.com\/es-es\/windows7\/how-to-manage-cookies-in-internet-explorer-9\"><span style=\"font-weight: 400;\">Internet Explorer 9<\/span><\/a>\n\n<a href=\"http:\/\/windows.microsoft.com\/es-es\/windows-vista\/block-or-allow-cookies\"><span style=\"font-weight: 400;\">Internet Explorer 7 y 8<\/span><\/a>\n\n<a href=\"http:\/\/www.opera.com\/help\/tutorials\/security\/cookies\/\"><span style=\"font-weight: 400;\">Opera\u00a0<\/span><\/a>\n\n<a href=\"https:\/\/support.apple.com\/es-es\/guide\/safari\/sfri11471\/mac\"><span style=\"font-weight: 400;\">Safari<\/span><\/a>\n\n&nbsp;\n\n<span style=\"font-weight: 400;\">Si bloquegeu les galetes, algunes possibilitats del lloc web estaran deshabilitades.<\/span>\n\n<span style=\"font-weight: 400;\">Per obtenir m\u00e9s informaci\u00f3 sobre les galetes, fins i tot per saber la manera de veure quines galetes s\u2019han instal\u2022lat, com gestionar-les i esborrar-les, podeu visitar\u00a0<\/span><a href=\"http:\/\/support.microsoft.com\/gp\/cookies\"><span style=\"font-weight: 400;\">http:\/\/support.microsoft.com\/gp\/cookies<\/span><\/a><span style=\"font-weight: 400;\">\u00a0o\u00a0<\/span><a href=\"http:\/\/www.aboutcookies.org\/\"><span style=\"font-weight: 400;\">www.aboutcookies.org<\/span><\/a><span style=\"font-weight: 400;\">.<\/span>\n<h2>ALGUNA PREGUNTA?<\/h2>\n<span style=\"font-weight: 400;\">Si l\u2019usuari t\u00e9 alguna pregunta, es pot posar en contacte amb nosaltres.<\/span>\t\t\t\t\t\t\t\t<\/div>\n\t\t\t\t<\/div>\n\t\t\t\t\t<\/div>\n\t\t\t\t<\/div>\n\t\t\t\t<\/div>\n\t\t","protected":false},"excerpt":{"rendered":"<p>POL\u00cdTICA\u00a0DE COOKIES INTRODUCCI\u00d3 L\u2019editor del lloc koalaescuelas.es \u00e9s KOALA SOLUCIONES EDUCATIVAS S.A. KOALA SOLUCIONES EDUCATIVAS S.A., en compliment de l\u2019article 22 de la Llei 34\/2002, d\u201911 de juliol, de serveis de la societat de la informaci\u00f3 i de comer\u00e7 electr\u00f2nic, facilita, als usuaris, informaci\u00f3 relativa a les galetes com ara qu\u00e8 s\u00f3n, quins tipus de [&hellip;]<\/p>\n","protected":false},"author":1,"featured_media":0,"parent":0,"menu_order":0,"comment_status":"closed","ping_status":"closed","template":"","meta":{"_acf_changed":false,"footnotes":""},"class_list":["post-579","page","type-page","status-publish","hentry"],"acf":[],"yoast_head":"<!-- This site is optimized with the Yoast SEO plugin v27.3 - https:\/\/yoast.com\/product\/yoast-seo-wordpress\/ -->\n<title>Pol\u00edtica de Cookies - Koala Escoles Bressol<\/title>\n<meta name=\"robots\" content=\"noindex, nofollow\" \/>\n<meta property=\"og:locale\" content=\"ca_ES\" \/>\n<meta property=\"og:type\" content=\"article\" \/>\n<meta property=\"og:title\" content=\"Pol\u00edtica de Cookies - Koala Escoles Bressol\" \/>\n<meta property=\"og:description\" content=\"POL\u00cdTICA\u00a0DE COOKIES INTRODUCCI\u00d3 L\u2019editor del lloc koalaescuelas.es \u00e9s KOALA SOLUCIONES EDUCATIVAS S.A. KOALA SOLUCIONES EDUCATIVAS S.A., en compliment de l\u2019article 22 de la Llei 34\/2002, d\u201911 de juliol, de serveis de la societat de la informaci\u00f3 i de comer\u00e7 electr\u00f2nic, facilita, als usuaris, informaci\u00f3 relativa a les galetes com ara qu\u00e8 s\u00f3n, quins tipus de [&hellip;]\" \/>\n<meta property=\"og:url\" content=\"https:\/\/koalaescuelas.es\/ca\/politica-de-cookies\/\" \/>\n<meta property=\"og:site_name\" content=\"Koala Escoles Bressol\" \/>\n<meta property=\"article:modified_time\" content=\"2024-09-23T11:05:17+00:00\" \/>\n<meta name=\"twitter:card\" content=\"summary_large_image\" \/>\n<meta name=\"twitter:label1\" content=\"Temps estimat de lectura\" \/>\n\t<meta name=\"twitter:data1\" content=\"5 minuts\" \/>\n<script type=\"application\/ld+json\" class=\"yoast-schema-graph\">{\"@context\":\"https:\\\/\\\/schema.org\",\"@graph\":[{\"@type\":\"WebPage\",\"@id\":\"https:\\\/\\\/koalaescuelas.es\\\/ca\\\/politica-de-cookies\\\/\",\"url\":\"https:\\\/\\\/koalaescuelas.es\\\/ca\\\/politica-de-cookies\\\/\",\"name\":\"Pol\u00edtica de Cookies - Koala Escoles Bressol\",\"isPartOf\":{\"@id\":\"https:\\\/\\\/koalaescuelas.es\\\/ca\\\/#website\"},\"datePublished\":\"2017-11-08T13:07:52+00:00\",\"dateModified\":\"2024-09-23T11:05:17+00:00\",\"inLanguage\":\"ca\",\"potentialAction\":[{\"@type\":\"ReadAction\",\"target\":[\"https:\\\/\\\/koalaescuelas.es\\\/ca\\\/politica-de-cookies\\\/\"]}]},{\"@type\":\"WebSite\",\"@id\":\"https:\\\/\\\/koalaescuelas.es\\\/ca\\\/#website\",\"url\":\"https:\\\/\\\/koalaescuelas.es\\\/ca\\\/\",\"name\":\"Koala Escoles Bressol\",\"description\":\"\",\"publisher\":{\"@id\":\"https:\\\/\\\/koalaescuelas.es\\\/ca\\\/#organization\"},\"potentialAction\":[{\"@type\":\"SearchAction\",\"target\":{\"@type\":\"EntryPoint\",\"urlTemplate\":\"https:\\\/\\\/koalaescuelas.es\\\/ca\\\/?s={search_term_string}\"},\"query-input\":{\"@type\":\"PropertyValueSpecification\",\"valueRequired\":true,\"valueName\":\"search_term_string\"}}],\"inLanguage\":\"ca\"},{\"@type\":\"Organization\",\"@id\":\"https:\\\/\\\/koalaescuelas.es\\\/ca\\\/#organization\",\"name\":\"Koala Escoles Bressol\",\"url\":\"https:\\\/\\\/koalaescuelas.es\\\/ca\\\/\",\"logo\":{\"@type\":\"ImageObject\",\"inLanguage\":\"ca\",\"@id\":\"https:\\\/\\\/koalaescuelas.es\\\/ca\\\/#\\\/schema\\\/logo\\\/image\\\/\",\"url\":\"https:\\\/\\\/koalaescuelas.es\\\/ca\\\/wp-content\\\/uploads\\\/sites\\\/89\\\/2020\\\/11\\\/logo_12_K.ng_cat.png\",\"contentUrl\":\"https:\\\/\\\/koalaescuelas.es\\\/ca\\\/wp-content\\\/uploads\\\/sites\\\/89\\\/2020\\\/11\\\/logo_12_K.ng_cat.png\",\"width\":176,\"height\":36,\"caption\":\"Koala Escoles Bressol\"},\"image\":{\"@id\":\"https:\\\/\\\/koalaescuelas.es\\\/ca\\\/#\\\/schema\\\/logo\\\/image\\\/\"}}]}<\/script>\n<!-- \/ Yoast SEO plugin. -->","yoast_head_json":{"title":"Pol\u00edtica de Cookies - Koala Escoles Bressol","robots":{"index":"noindex","follow":"nofollow"},"og_locale":"ca_ES","og_type":"article","og_title":"Pol\u00edtica de Cookies - Koala Escoles Bressol","og_description":"POL\u00cdTICA\u00a0DE COOKIES INTRODUCCI\u00d3 L\u2019editor del lloc koalaescuelas.es \u00e9s KOALA SOLUCIONES EDUCATIVAS S.A. KOALA SOLUCIONES EDUCATIVAS S.A., en compliment de l\u2019article 22 de la Llei 34\/2002, d\u201911 de juliol, de serveis de la societat de la informaci\u00f3 i de comer\u00e7 electr\u00f2nic, facilita, als usuaris, informaci\u00f3 relativa a les galetes com ara qu\u00e8 s\u00f3n, quins tipus de [&hellip;]","og_url":"https:\/\/koalaescuelas.es\/ca\/politica-de-cookies\/","og_site_name":"Koala Escoles Bressol","article_modified_time":"2024-09-23T11:05:17+00:00","twitter_card":"summary_large_image","twitter_misc":{"Temps estimat de lectura":"5 minuts"},"schema":{"@context":"https:\/\/schema.org","@graph":[{"@type":"WebPage","@id":"https:\/\/koalaescuelas.es\/ca\/politica-de-cookies\/","url":"https:\/\/koalaescuelas.es\/ca\/politica-de-cookies\/","name":"Pol\u00edtica de Cookies - Koala Escoles Bressol","isPartOf":{"@id":"https:\/\/koalaescuelas.es\/ca\/#website"},"datePublished":"2017-11-08T13:07:52+00:00","dateModified":"2024-09-23T11:05:17+00:00","inLanguage":"ca","potentialAction":[{"@type":"ReadAction","target":["https:\/\/koalaescuelas.es\/ca\/politica-de-cookies\/"]}]},{"@type":"WebSite","@id":"https:\/\/koalaescuelas.es\/ca\/#website","url":"https:\/\/koalaescuelas.es\/ca\/","name":"Koala Escoles Bressol","description":"","publisher":{"@id":"https:\/\/koalaescuelas.es\/ca\/#organization"},"potentialAction":[{"@type":"SearchAction","target":{"@type":"EntryPoint","urlTemplate":"https:\/\/koalaescuelas.es\/ca\/?s={search_term_string}"},"query-input":{"@type":"PropertyValueSpecification","valueRequired":true,"valueName":"search_term_string"}}],"inLanguage":"ca"},{"@type":"Organization","@id":"https:\/\/koalaescuelas.es\/ca\/#organization","name":"Koala Escoles Bressol","url":"https:\/\/koalaescuelas.es\/ca\/","logo":{"@type":"ImageObject","inLanguage":"ca","@id":"https:\/\/koalaescuelas.es\/ca\/#\/schema\/logo\/image\/","url":"https:\/\/koalaescuelas.es\/ca\/wp-content\/uploads\/sites\/89\/2020\/11\/logo_12_K.ng_cat.png","contentUrl":"https:\/\/koalaescuelas.es\/ca\/wp-content\/uploads\/sites\/89\/2020\/11\/logo_12_K.ng_cat.png","width":176,"height":36,"caption":"Koala Escoles Bressol"},"image":{"@id":"https:\/\/koalaescuelas.es\/ca\/#\/schema\/logo\/image\/"}}]}},"_links":{"self":[{"href":"https:\/\/koalaescuelas.es\/ca\/wp-json\/wp\/v2\/pages\/579","targetHints":{"allow":["GET"]}}],"collection":[{"href":"https:\/\/koalaescuelas.es\/ca\/wp-json\/wp\/v2\/pages"}],"about":[{"href":"https:\/\/koalaescuelas.es\/ca\/wp-json\/wp\/v2\/types\/page"}],"author":[{"embeddable":true,"href":"https:\/\/koalaescuelas.es\/ca\/wp-json\/wp\/v2\/users\/1"}],"replies":[{"embeddable":true,"href":"https:\/\/koalaescuelas.es\/ca\/wp-json\/wp\/v2\/comments?post=579"}],"version-history":[{"count":0,"href":"https:\/\/koalaescuelas.es\/ca\/wp-json\/wp\/v2\/pages\/579\/revisions"}],"wp:attachment":[{"href":"https:\/\/koalaescuelas.es\/ca\/wp-json\/wp\/v2\/media?parent=579"}],"curies":[{"name":"wp","href":"https:\/\/api.w.org\/{rel}","templated":true}]}}