{"id":5788,"date":"2024-09-27T11:44:09","date_gmt":"2024-09-27T09:44:09","guid":{"rendered":"https:\/\/koalaescuelas.es\/ca\/?page_id=5788"},"modified":"2024-09-27T12:37:30","modified_gmt":"2024-09-27T10:37:30","slug":"declaracion-de-accesibilidad","status":"publish","type":"page","link":"https:\/\/koalaescuelas.es\/ca\/declaracion-de-accesibilidad\/","title":{"rendered":"Declaraci\u00f3 d&#8217;accessibilitat"},"content":{"rendered":"\t\t<div data-elementor-type=\"wp-page\" data-elementor-id=\"5788\" class=\"elementor elementor-5788\" data-elementor-post-type=\"page\">\n\t\t\t\t<div class=\"elementor-element elementor-element-3f754fc e-flex e-con-boxed e-con e-parent\" data-id=\"3f754fc\" data-element_type=\"container\" data-e-type=\"container\" data-settings=\"{&quot;background_background&quot;:&quot;gradient&quot;}\">\n\t\t\t\t\t<div class=\"e-con-inner\">\n\t\t\t\t<div class=\"elementor-element elementor-element-0941b7e elementor-widget elementor-widget-heading\" data-id=\"0941b7e\" data-element_type=\"widget\" data-e-type=\"widget\" data-widget_type=\"heading.default\">\n\t\t\t\t<div class=\"elementor-widget-container\">\n\t\t\t\t\t<h1 class=\"elementor-heading-title elementor-size-default\">Declaraci\u00f3 d'accessibilitat<\/h1>\t\t\t\t<\/div>\n\t\t\t\t<\/div>\n\t\t\t\t<div class=\"elementor-element elementor-element-d8e0cdd elementor-widget elementor-widget-text-editor\" data-id=\"d8e0cdd\" data-element_type=\"widget\" data-e-type=\"widget\" data-widget_type=\"text-editor.default\">\n\t\t\t\t<div class=\"elementor-widget-container\">\n\t\t\t\t\t\t\t\t\t<div><ul><li><a href=\"https:\/\/koalaescuelas.es\/\"><span>https:\/\/koalaescuelas.es<\/span><\/a><\/li><li><span>25 de Setembre de 2024<\/span><\/li><\/ul><h3><span>Estat de compliment:<\/span><\/h3><\/div><p><span>Creiem fermament que Internet ha de ser accessible i estar a disposici\u00f3 de tothom. Per aix\u00f2, tenim el comprom\u00eds de proporcionar un lloc web accessible al m\u00e0xim nombre possible de persones, independentment de les seves circumst\u00e0ncies i capacitats.<\/span><\/p><p><span>Per aconseguir-ho, el nostre objectiu consisteix a adherir-nos el m\u00e9s estrictament possible a les Pautes d&#8217;Accessibilitat per al Contingut Web 2.1 (WCAG 2.1) del Consorci World Wide Web (W3C) al nivell AA. Aquestes directrius descriuen com adaptar els continguts web perqu\u00e8 puguin resultar accessibles a persones afectades per diverses discapacitats. Complir aquestes directrius ens ajuda a garantir que el lloc web sigui accessible per a la totalitat de la poblaci\u00f3: persones invidents, amb defici\u00e8ncies motores, visuals o cognitives, entre d&#8217;altres.<\/span><\/p><p><span>Aquest lloc web utilitza diverses tecnologies perqu\u00e8 sigui el m\u00e9s accessible possible. Fem servir una interf\u00edcie d&#8217;accessibilitat que permet a les persones amb discapacitats espec\u00edfiques adequar la interf\u00edcie d&#8217;usuari a les vostres necessitats particulars.<\/span><\/p><p><span>A m\u00e9s, el lloc web utilitza una aplicaci\u00f3 basada en intel\u00b7lig\u00e8ncia artificial que s&#8217;executa en segon pla i optimitza cont\u00ednuament el nivell d&#8217;accessibilitat. Aquesta aplicaci\u00f3 modifica el codi HTML del lloc web, adaptant la seva funcionalitat i comportament als lectors de pantalla que utilitzen les persones invidents ia les funcions de teclat que utilitzen les persones amb defici\u00e8ncies motrius.<\/span><\/p><p><span>Si trobeu alguna fallada de funcionament o teniu alguna idea de com millorar el lloc web, us agrair\u00edem molt que ens ho comuniqu\u00e9s.<\/span><\/p><h3><span>Navegaci\u00f3 mitjan\u00e7ant lector de pantalla i teclat<\/span><\/h3><p><span>El nostre lloc web implementa la t\u00e8cnica d&#8217;atributs ARIA (Accessible Rich Internet Applications, accessibilitat en aplicacions web enriquides), juntament amb altres canvis a nivell de comportament, per garantir que les persones invidents que ens visiten amb lectors de pantalla puguin llegir, comprendre i aprofitar les funcionalitats del lloc web. Quan un usuari que utilitza un lector de pantalla entra al nostre lloc web, se us demana que estableixi el seu perfil de lector de pantalla perqu\u00e8 pugui navegar i fer \u00fas del lloc web de forma satisfact\u00f2ria. A continuaci\u00f3, es mostra com el nostre lloc web satisf\u00e0 alguns dels requisits m\u00e9s importants en relaci\u00f3 amb els lectors de pantalla, juntament amb algunes captures de pantalla de la consola que contenen exemples de codi:<\/span><\/p><ol><li aria-level=\"1\"><b><span>Optimitzaci\u00f3 per a lectors de pantalla:\u00a0<\/span><\/b><span>\u00a0executem un proc\u00e9s en segon pla que analitza tots els elements del lloc web per garantir el compliment de les directrius daccessibilitat fins i tot en el cas que el lloc web sactualitzi. En aquest proc\u00e9s, es proporcionen als lectors de pantalla les dades que necessiten per al funcionament correcte, utilitzant el conjunt d&#8217;atributs ARIA. Per exemple, se subministren etiquetes apropiades per als formularis, descripcions per a les icones que permeten realitzar accions (icones de xarxes socials, icones de cerca, icones de carro de la compra, etc.), indicacions per validar les entrades als formularis, elements com botons, men\u00fas, di\u00e0legs modals (finestres emergents) i altres. Aix\u00ed mateix, el proc\u00e9s en segon pla escaneja totes les imatges del lloc web i proporciona una descripci\u00f3 precisa i rellevant basada en el reconeixement d&#8217;objectes mitjan\u00e7ant etiquetes ALT (text alternatiu) per a les imatges que no estan identificades. Tamb\u00e9 s&#8217;extreuen els textos que cont\u00e9 la imatge per mitj\u00e0 de tecnologia OCR (reconeixement \u00f2ptic de car\u00e0cters). Els usuaris poden activar els controls del lector de pantalla en qualsevol moment nom\u00e9s prement la combinaci\u00f3 de tecles Alt+1. A m\u00e9s, els usuaris de lectors de pantalla reben un av\u00eds autom\u00e0tic perqu\u00e8 activin el mode de lector de pantalla nom\u00e9s entrar al lloc web. Aquesta configuraci\u00f3 \u00e9s compatible amb els lectors de pantalla m\u00e9s populars, com ara JAWS i NVDA.<\/span><\/li><li aria-level=\"1\"><b><span>Optimitzaci\u00f3 de la navegaci\u00f3 des del teclat:\u00a0<\/span><\/b><span>\u00a0El proc\u00e9s en segon pla tamb\u00e9 adapta el codi HTML del lloc web, afegint-hi diversos comportaments mitjan\u00e7ant l&#8217;\u00fas de codi JavaScript. D&#8217;aquesta manera, el lloc web es pot gestionar a trav\u00e9s del teclat. Aix\u00ed, \u00e9s possible navegar pel lloc web utilitzant les tecles Tabulador i Maj+Tabulador, despla\u00e7ar-se pels elements desplegables amb les tecles de cursor, tancar-los amb Esc, pr\u00e9mer sobre botons i enlla\u00e7os amb la tecla Intro, moure&#8217;s entre botons d&#8217;opci\u00f3 i caselles de verificaci\u00f3 amb les tecles de cursor i marcar-los amb la barra despai o la tecla Intro. A m\u00e9s, els usuaris que utilitzin el teclat podran accedir en qualsevol moment a men\u00fas de navegaci\u00f3 r\u00e0pida i aquells que permeten ometre continguts nom\u00e9s prement Alt+1 (aquestes seran tamb\u00e9 les primeres opcions en navegar pel lloc web). El proc\u00e9s en segon pla tamb\u00e9 gestiona les finestres emergents, fent-les accessibles des del teclat quan es mostren i mentre estiguin actives. Els usuaris tamb\u00e9 poden utilitzar dreceres de teclat prement en tecles com ara \u201cM\u201d (per als men\u00fas), \u201cH\u201d (encap\u00e7alats), \u201cF\u201d (formularis), \u201cB\u201d (botons) i \u201cG\u201d (gr\u00e0fics) a per accedir directament a elements espec\u00edfics.<\/span><\/li><\/ol><div><h3><span>Perfils de discapacitat compatibles amb el nostre lloc web:<\/span><\/h3><\/div><ul><li aria-level=\"1\"><b><span>Mode segur per a epil\u00e8psia:<\/span><\/b><span>\u00a0\u00a0aquest perfil permet a les persones amb epil\u00e8psia navegar de manera segura a trav\u00e9s del lloc web, en evitar el risc de convulsions provocades per animacions que mostren parpellejos i combinacions de colors que puguin resultar perjudicials.<\/span><\/li><li aria-level=\"1\"><b><span>Mode per a persones amb discapacitat visual:<\/span><\/b><span>\u00a0\u00a0aquest mode adapta el lloc web a les necessitats de les persones amb discapacitats visuals com ara degradaci\u00f3 de la vista, visi\u00f3 t\u00fanel, cataractes, glaucoma, etc.<\/span><\/li><li aria-level=\"1\"><b><span>Mode per a discapacitats cognitives:<\/span><\/b><span>\u00a0\u00a0aquesta manera proporciona diferents funcions d&#8217;assist\u00e8ncia perqu\u00e8 les persones amb discapacitats cognitives com ara disl\u00e8xia, autisme, que han patit un accident cerebrovascular, etc., puguin concentrar-se m\u00e9s f\u00e0cilment en els elements essencials del lloc web.<\/span><\/li><li aria-level=\"1\"><b><span>Mode adaptat per a persones amb TDAH:<\/span><\/b><span>\u00a0\u00a0aquesta manera facilita que els usuaris amb trastorns TDAH i de neurodesenvolupament puguin llegir, navegar i concentrar-se en els elements principals del lloc web amb m\u00e9s facilitat, alhora que redueix significativament les distraccions.<\/span><\/li><li aria-level=\"1\"><b><span>Mode per a persones invidents:<\/span><\/b><span>\u00a0\u00a0aquest mode adapta el lloc web perqu\u00e8 sigui compatible amb lectors de pantalla com ara JAWS, NVDA, VoiceOver i TalkBack. Un lector de pantalla \u00e9s una aplicaci\u00f3 dissenyada per a persones invidents que es pot utilitzar en ordinadors i tel\u00e8fons intel\u00b7ligents i per a la qual els llocs web han d&#8217;estar dissenyats per tal de poder-hi ser compatibles.<\/span><\/li><li aria-level=\"1\"><b><span>Perfil de navegaci\u00f3 per a teclat (persones amb discapacitats motrius):<\/span><\/b><span>\u00a0\u00a0aquest perfil permet a les persones que pateixen discapacitats motrius navegar a trav\u00e9s del lloc web mitjan\u00e7ant la tecla Tabulador, Maj+Tabulador i Intro. Els usuaris tamb\u00e9 poden utilitzar dreceres de teclat prement en tecles com ara \u201cM\u201d (per als men\u00fas), \u201cH\u201d (encap\u00e7alats), \u201cF\u201d (formularis), \u201cB\u201d (botons) i \u201cG\u201d (gr\u00e0fics) a per accedir directament a elements espec\u00edfics.<\/span><\/li><\/ul><div><h3><span>Configuraci\u00f3 addicional de la interf\u00edcie d&#8217;usuari, disseny i llegibilitat:<\/span><\/h3><\/div><ol><li aria-level=\"1\"><b><span>Ajustament de fonts:<\/span><\/b><span>\u00a0\u00a0els usuaris poden augmentar i reduir la mida, triar la fam\u00edlia (tipus de lletra), ajustar l&#8217;espaiat, l&#8217;alineaci\u00f3, l&#8217;al\u00e7ada de l\u00ednia, etc.<\/span><\/li><li aria-level=\"1\"><b><span>Ajust de color:<\/span><\/b><span>\u00a0\u00a0els usuaris poden seleccionar diversos perfils de contrast en relaci\u00f3 amb el color, com ara clar, fosc, invertit i monocrom. A m\u00e9s, \u00e9s possible canviar els esquemes de color dels t\u00edtols, texts i fons, disposant de m\u00e9s de 7 opcions diferents.<\/span><\/li><li aria-level=\"1\"><b><span>Animacions:<\/span><\/b><span>\u00a0\u00a0les persones epil\u00e8ptiques poden aturar totes les animacions en execuci\u00f3 amb tan sols pr\u00e9mer un bot\u00f3. Les animacions que pot controlar la interf\u00edcie s\u00f3n, entre d&#8217;altres, v\u00eddeos, GIF i transicions CSS amb parpellejos.<\/span><\/li><li aria-level=\"1\"><b><span>Ressaltat de contingut:<\/span><\/b><span>\u00a0\u00a0els usuaris tenen l&#8217;opci\u00f3 de ressaltar elements importants com ara enlla\u00e7os i t\u00edtols. Tamb\u00e9 podeu triar ressaltar nom\u00e9s els elements seleccionats o sobre els quals es desplace el ratol\u00ed.<\/span><\/li><li aria-level=\"1\"><b><span>Funci\u00f3 per silenciar l&#8217;\u00e0udio:<\/span><\/b><span>\u00a0\u00a0alguns usuaris que utilitzen audi\u00f2fons poden patir mals de cap o altres problemes a causa de la reproducci\u00f3 autom\u00e0tica de sons. Aquesta opci\u00f3 permet silenciar la totalitat del lloc web a linstant.<\/span><\/li><li aria-level=\"1\"><b><span>Desordres cognitius:<\/span><\/b><span>\u00a0\u00a0utilitzem un motor de cerca vinculat a Wikipedia i Wiktionary que possibilita que les persones amb desordres cognitius puguin interpretar el significat de frases, sigles, expressions populars, etc.<\/span><\/li><li aria-level=\"1\"><b><span>Funcions addicionals:\u00a0<\/span><\/b><span>\u00a0oferim als usuaris l&#8217;opci\u00f3 de modificar el color i la mida del cursor, utilitzar un mode d&#8217;impressi\u00f3, activar un teclat virtual i un gran nombre de funcions addicionals.<\/span><\/li><\/ol><div><h3><span>Compatibilitat amb navegadors i tecnologies d&#8217;assist\u00e8ncia:<\/span><\/h3><\/div><p><span>El nostre objectiu \u00e9s suportar una \u00e0mplia varietat de navegadors i tecnologies d&#8217;assist\u00e8ncia per tal que els nostres usuaris puguin triar les eines que s&#8217;adaptin millor a les seves necessitats i experimentin aix\u00ed les menors limitacions possibles. Per aix\u00f2, ens hem esfor\u00e7at al m\u00e0xim a poder oferir compatibilitat amb els principals navegadors, que en conjunt suposen m\u00e9s del 95% dels usuaris, com ara Google Chrome, Mozilla Firefox, Safari d&#8217;Apple, Opera i Microsoft Edge aix\u00ed com JAWS i NVDA (lectors de pantalla), tant en les versions per a Windows com per a Mac.<\/span><\/p><div><h3><span>Notes, comentaris i suggeriments:<\/span><\/h3><\/div><p><span>Encara que ens hem esfor\u00e7at al m\u00e0xim perqu\u00e8 qualsevol persona pugui adaptar el lloc web a les seves necessitats, \u00e9s possible que encara hi hagi p\u00e0gines o seccions que no resultin enterament accessibles, es trobin en proc\u00e9s de convertir-se en accessibles o per les que no existeixi en aquest moment una soluci\u00f3 tecnol\u00f2gica adequada per transformar-les en accessibles. Continuem millorant cont\u00ednuament les nostres capacitats d&#8217;accessibilitat, afegint, actualitzant i millorant funcionalitats i opcions, aix\u00ed com desenvolupant i adoptant noves tecnologies. Tot aix\u00f2 per assolir un nivell \u00f2ptim d&#8217;accessibilitat, d&#8217;acord amb els darrers aven\u00e7os tecnol\u00f2gics.<\/span><\/p>\t\t\t\t\t\t\t\t<\/div>\n\t\t\t\t<\/div>\n\t\t\t\t\t<\/div>\n\t\t\t\t<\/div>\n\t\t\t\t<\/div>\n\t\t","protected":false},"excerpt":{"rendered":"<p>Declaraci\u00f3 d&#8217;accessibilitat https:\/\/koalaescuelas.es 25 de Setembre de 2024 Estat de compliment: Creiem fermament que Internet ha de ser accessible i estar a disposici\u00f3 de tothom. Per aix\u00f2, tenim el comprom\u00eds de proporcionar un lloc web accessible al m\u00e0xim nombre possible de persones, independentment de les seves circumst\u00e0ncies i capacitats. Per aconseguir-ho, el nostre objectiu consisteix [&hellip;]<\/p>\n","protected":false},"author":70,"featured_media":0,"parent":0,"menu_order":0,"comment_status":"closed","ping_status":"closed","template":"","meta":{"_acf_changed":false,"footnotes":""},"class_list":["post-5788","page","type-page","status-publish","hentry"],"acf":[],"yoast_head":"<!-- This site is optimized with the Yoast SEO plugin v27.3 - https:\/\/yoast.com\/product\/yoast-seo-wordpress\/ -->\n<title>Declaraci\u00f3 d&#039;accessibilitat - Koala Escoles Bressol<\/title>\n<meta name=\"robots\" content=\"index, follow, max-snippet:-1, max-image-preview:large, max-video-preview:-1\" \/>\n<link rel=\"canonical\" href=\"https:\/\/koalaescuelas.es\/ca\/declaracion-de-accesibilidad\/\" \/>\n<meta property=\"og:locale\" content=\"ca_ES\" \/>\n<meta property=\"og:type\" content=\"article\" \/>\n<meta property=\"og:title\" content=\"Declaraci\u00f3 d&#039;accessibilitat - Koala Escoles Bressol\" \/>\n<meta property=\"og:description\" content=\"Declaraci\u00f3 d&#8217;accessibilitat https:\/\/koalaescuelas.es 25 de Setembre de 2024 Estat de compliment: Creiem fermament que Internet ha de ser accessible i estar a disposici\u00f3 de tothom. Per aix\u00f2, tenim el comprom\u00eds de proporcionar un lloc web accessible al m\u00e0xim nombre possible de persones, independentment de les seves circumst\u00e0ncies i capacitats. Per aconseguir-ho, el nostre objectiu consisteix [&hellip;]\" \/>\n<meta property=\"og:url\" content=\"https:\/\/koalaescuelas.es\/ca\/declaracion-de-accesibilidad\/\" \/>\n<meta property=\"og:site_name\" content=\"Koala Escoles Bressol\" \/>\n<meta property=\"article:modified_time\" content=\"2024-09-27T10:37:30+00:00\" \/>\n<meta name=\"twitter:card\" content=\"summary_large_image\" \/>\n<meta name=\"twitter:label1\" content=\"Temps estimat de lectura\" \/>\n\t<meta name=\"twitter:data1\" content=\"9 minuts\" \/>\n<script type=\"application\/ld+json\" class=\"yoast-schema-graph\">{\"@context\":\"https:\\\/\\\/schema.org\",\"@graph\":[{\"@type\":\"WebPage\",\"@id\":\"https:\\\/\\\/koalaescuelas.es\\\/ca\\\/declaracion-de-accesibilidad\\\/\",\"url\":\"https:\\\/\\\/koalaescuelas.es\\\/ca\\\/declaracion-de-accesibilidad\\\/\",\"name\":\"Declaraci\u00f3 d'accessibilitat - Koala Escoles Bressol\",\"isPartOf\":{\"@id\":\"https:\\\/\\\/koalaescuelas.es\\\/ca\\\/#website\"},\"datePublished\":\"2024-09-27T09:44:09+00:00\",\"dateModified\":\"2024-09-27T10:37:30+00:00\",\"inLanguage\":\"ca\",\"potentialAction\":[{\"@type\":\"ReadAction\",\"target\":[\"https:\\\/\\\/koalaescuelas.es\\\/ca\\\/declaracion-de-accesibilidad\\\/\"]}]},{\"@type\":\"WebSite\",\"@id\":\"https:\\\/\\\/koalaescuelas.es\\\/ca\\\/#website\",\"url\":\"https:\\\/\\\/koalaescuelas.es\\\/ca\\\/\",\"name\":\"Koala Escoles Bressol\",\"description\":\"\",\"publisher\":{\"@id\":\"https:\\\/\\\/koalaescuelas.es\\\/ca\\\/#organization\"},\"potentialAction\":[{\"@type\":\"SearchAction\",\"target\":{\"@type\":\"EntryPoint\",\"urlTemplate\":\"https:\\\/\\\/koalaescuelas.es\\\/ca\\\/?s={search_term_string}\"},\"query-input\":{\"@type\":\"PropertyValueSpecification\",\"valueRequired\":true,\"valueName\":\"search_term_string\"}}],\"inLanguage\":\"ca\"},{\"@type\":\"Organization\",\"@id\":\"https:\\\/\\\/koalaescuelas.es\\\/ca\\\/#organization\",\"name\":\"Koala Escoles Bressol\",\"url\":\"https:\\\/\\\/koalaescuelas.es\\\/ca\\\/\",\"logo\":{\"@type\":\"ImageObject\",\"inLanguage\":\"ca\",\"@id\":\"https:\\\/\\\/koalaescuelas.es\\\/ca\\\/#\\\/schema\\\/logo\\\/image\\\/\",\"url\":\"https:\\\/\\\/koalaescuelas.es\\\/ca\\\/wp-content\\\/uploads\\\/sites\\\/89\\\/2020\\\/11\\\/logo_12_K.ng_cat.png\",\"contentUrl\":\"https:\\\/\\\/koalaescuelas.es\\\/ca\\\/wp-content\\\/uploads\\\/sites\\\/89\\\/2020\\\/11\\\/logo_12_K.ng_cat.png\",\"width\":176,\"height\":36,\"caption\":\"Koala Escoles Bressol\"},\"image\":{\"@id\":\"https:\\\/\\\/koalaescuelas.es\\\/ca\\\/#\\\/schema\\\/logo\\\/image\\\/\"}}]}<\/script>\n<!-- \/ Yoast SEO plugin. -->","yoast_head_json":{"title":"Declaraci\u00f3 d'accessibilitat - Koala Escoles Bressol","robots":{"index":"index","follow":"follow","max-snippet":"max-snippet:-1","max-image-preview":"max-image-preview:large","max-video-preview":"max-video-preview:-1"},"canonical":"https:\/\/koalaescuelas.es\/ca\/declaracion-de-accesibilidad\/","og_locale":"ca_ES","og_type":"article","og_title":"Declaraci\u00f3 d'accessibilitat - Koala Escoles Bressol","og_description":"Declaraci\u00f3 d&#8217;accessibilitat https:\/\/koalaescuelas.es 25 de Setembre de 2024 Estat de compliment: Creiem fermament que Internet ha de ser accessible i estar a disposici\u00f3 de tothom. Per aix\u00f2, tenim el comprom\u00eds de proporcionar un lloc web accessible al m\u00e0xim nombre possible de persones, independentment de les seves circumst\u00e0ncies i capacitats. Per aconseguir-ho, el nostre objectiu consisteix [&hellip;]","og_url":"https:\/\/koalaescuelas.es\/ca\/declaracion-de-accesibilidad\/","og_site_name":"Koala Escoles Bressol","article_modified_time":"2024-09-27T10:37:30+00:00","twitter_card":"summary_large_image","twitter_misc":{"Temps estimat de lectura":"9 minuts"},"schema":{"@context":"https:\/\/schema.org","@graph":[{"@type":"WebPage","@id":"https:\/\/koalaescuelas.es\/ca\/declaracion-de-accesibilidad\/","url":"https:\/\/koalaescuelas.es\/ca\/declaracion-de-accesibilidad\/","name":"Declaraci\u00f3 d'accessibilitat - Koala Escoles Bressol","isPartOf":{"@id":"https:\/\/koalaescuelas.es\/ca\/#website"},"datePublished":"2024-09-27T09:44:09+00:00","dateModified":"2024-09-27T10:37:30+00:00","inLanguage":"ca","potentialAction":[{"@type":"ReadAction","target":["https:\/\/koalaescuelas.es\/ca\/declaracion-de-accesibilidad\/"]}]},{"@type":"WebSite","@id":"https:\/\/koalaescuelas.es\/ca\/#website","url":"https:\/\/koalaescuelas.es\/ca\/","name":"Koala Escoles Bressol","description":"","publisher":{"@id":"https:\/\/koalaescuelas.es\/ca\/#organization"},"potentialAction":[{"@type":"SearchAction","target":{"@type":"EntryPoint","urlTemplate":"https:\/\/koalaescuelas.es\/ca\/?s={search_term_string}"},"query-input":{"@type":"PropertyValueSpecification","valueRequired":true,"valueName":"search_term_string"}}],"inLanguage":"ca"},{"@type":"Organization","@id":"https:\/\/koalaescuelas.es\/ca\/#organization","name":"Koala Escoles Bressol","url":"https:\/\/koalaescuelas.es\/ca\/","logo":{"@type":"ImageObject","inLanguage":"ca","@id":"https:\/\/koalaescuelas.es\/ca\/#\/schema\/logo\/image\/","url":"https:\/\/koalaescuelas.es\/ca\/wp-content\/uploads\/sites\/89\/2020\/11\/logo_12_K.ng_cat.png","contentUrl":"https:\/\/koalaescuelas.es\/ca\/wp-content\/uploads\/sites\/89\/2020\/11\/logo_12_K.ng_cat.png","width":176,"height":36,"caption":"Koala Escoles Bressol"},"image":{"@id":"https:\/\/koalaescuelas.es\/ca\/#\/schema\/logo\/image\/"}}]}},"_links":{"self":[{"href":"https:\/\/koalaescuelas.es\/ca\/wp-json\/wp\/v2\/pages\/5788","targetHints":{"allow":["GET"]}}],"collection":[{"href":"https:\/\/koalaescuelas.es\/ca\/wp-json\/wp\/v2\/pages"}],"about":[{"href":"https:\/\/koalaescuelas.es\/ca\/wp-json\/wp\/v2\/types\/page"}],"author":[{"embeddable":true,"href":"https:\/\/koalaescuelas.es\/ca\/wp-json\/wp\/v2\/users\/70"}],"replies":[{"embeddable":true,"href":"https:\/\/koalaescuelas.es\/ca\/wp-json\/wp\/v2\/comments?post=5788"}],"version-history":[{"count":0,"href":"https:\/\/koalaescuelas.es\/ca\/wp-json\/wp\/v2\/pages\/5788\/revisions"}],"wp:attachment":[{"href":"https:\/\/koalaescuelas.es\/ca\/wp-json\/wp\/v2\/media?parent=5788"}],"curies":[{"name":"wp","href":"https:\/\/api.w.org\/{rel}","templated":true}]}}