{"id":43,"date":"2017-10-26T08:35:33","date_gmt":"2017-10-26T06:35:33","guid":{"rendered":"http:\/\/213.165.68.209\/?page_id=43"},"modified":"2025-02-07T18:53:12","modified_gmt":"2025-02-07T17:53:12","slug":"quienes-somos","status":"publish","type":"page","link":"https:\/\/koalaescuelas.es\/ca\/quienes-somos\/","title":{"rendered":"Qui som"},"content":{"rendered":"\t\t<div data-elementor-type=\"wp-page\" data-elementor-id=\"43\" class=\"elementor elementor-43\" data-elementor-post-type=\"page\">\n\t\t\t\t<section data-dce-background-image-url=\"https:\/\/koalaescuelas.es\/ca\/wp-content\/uploads\/sites\/89\/2025\/02\/conocenos_Koala_escuelas_1280x649px.png\" class=\"elementor-element elementor-element-557b972 e-con-full e-flex e-con e-parent\" data-id=\"557b972\" data-element_type=\"container\" data-e-type=\"container\" data-settings=\"{&quot;background_background&quot;:&quot;classic&quot;}\">\n\t\t\t\t<\/section>\n\t\t<section class=\"elementor-element elementor-element-4bb7acd7 e-flex e-con-boxed e-con e-parent\" data-id=\"4bb7acd7\" data-element_type=\"container\" data-e-type=\"container\">\n\t\t\t\t\t<div class=\"e-con-inner\">\n\t\t\t\t<div class=\"elementor-element elementor-element-8e4b18a elementor-widget elementor-widget-heading\" data-id=\"8e4b18a\" data-element_type=\"widget\" data-e-type=\"widget\" data-widget_type=\"heading.default\">\n\t\t\t\t<div class=\"elementor-widget-container\">\n\t\t\t\t\t<h1 class=\"elementor-heading-title elementor-size-default\">VOCACI\u00d3 DE SERVEI<\/h1>\t\t\t\t<\/div>\n\t\t\t\t<\/div>\n\t\t\t\t<div class=\"elementor-element elementor-element-80eac17 elementor-widget elementor-widget-text-editor\" data-id=\"80eac17\" data-element_type=\"widget\" data-e-type=\"widget\" data-widget_type=\"text-editor.default\">\n\t\t\t\t<div class=\"elementor-widget-container\">\n\t\t\t\t\t\t\t\t\t<p>Koala Escoles Bressol pertany a Clece, que ofereix serveis socials a diferents col\u00b7lectius. Des de Koala,\u00a0<b>gestionem a tot Espanya escoles p\u00fabliques del Primer Cicle d\u2019Educaci\u00f3 Infantil,<\/b>\u00a0per a nens i nenes de 0 a 3 anys.<\/p><p>Cuidem els menuts amb\u00a0<b>metodologies innovadores<\/b>\u00a0i facilitem la\u00a0<b>conciliaci\u00f3 laboral<\/b>\u00a0de les seves fam\u00edlies a trav\u00e9s d\u2019activitats complement\u00e0ries dins i fora dels nostres centres. Per fer-ho, comptem amb un\u00a0<b>equip docent especialitzat<\/b>\u00a0en educaci\u00f3 infantil i totes les nostres escoles s\u2019han dissenyat per atendre qualsevol necessitat dels alumnes.<\/p><p>Els nostres serveis educatius inclouen un&gt;<b>\u00a0comprom\u00eds amb la innovaci\u00f3 i la millora constant,<\/b>\u00a0a trav\u00e9s de la formaci\u00f3 continuada del professorat i la recerca en models d\u2019aprenentatge nous. En el dia a dia,\u00a0<b>la metodologia de cada centre es personalitza<\/b>\u00a0en funci\u00f3 de l\u2019alumnat, la comunitat educativa i qualsevol altra variable contextual.<\/p>\t\t\t\t\t\t\t\t<\/div>\n\t\t\t\t<\/div>\n\t\t\t\t\t<\/div>\n\t\t\t\t<\/section>\n\t\t<section data-dce-background-image-url=\"\/wp-content\/uploads\/images\/integra5.png\" class=\"elementor-element elementor-element-3dd000c e-flex e-con-boxed e-con e-parent\" data-id=\"3dd000c\" data-element_type=\"container\" data-e-type=\"container\" data-settings=\"{&quot;background_background&quot;:&quot;classic&quot;}\">\n\t\t\t\t\t<div class=\"e-con-inner\">\n\t\t<div class=\"elementor-element elementor-element-99803c9 e-con-full e-flex e-con e-child\" data-id=\"99803c9\" data-element_type=\"container\" data-e-type=\"container\">\n\t\t\t\t<div class=\"elementor-element elementor-element-92e3d62 elementor-widget elementor-widget-counter\" data-id=\"92e3d62\" data-element_type=\"widget\" data-e-type=\"widget\" data-widget_type=\"counter.default\">\n\t\t\t\t<div class=\"elementor-widget-container\">\n\t\t\t\t\t\t\t<div class=\"elementor-counter\">\n\t\t\t<div class=\"elementor-counter-title\">DOCENTS<\/div>\t\t\t<div class=\"elementor-counter-number-wrapper\">\n\t\t\t\t<span class=\"elementor-counter-number-prefix\"><\/span>\n\t\t\t\t<span class=\"elementor-counter-number\" data-duration=\"2000\" data-to-value=\"298\" data-from-value=\"0\" data-delimiter=\".\">0<\/span>\n\t\t\t\t<span class=\"elementor-counter-number-suffix\"><\/span>\n\t\t\t<\/div>\n\t\t<\/div>\n\t\t\t\t\t\t<\/div>\n\t\t\t\t<\/div>\n\t\t\t\t<\/div>\n\t\t<div class=\"elementor-element elementor-element-80beb00 e-con-full e-flex e-con e-child\" data-id=\"80beb00\" data-element_type=\"container\" data-e-type=\"container\">\n\t\t\t\t<div class=\"elementor-element elementor-element-42703cc elementor-widget elementor-widget-counter\" data-id=\"42703cc\" data-element_type=\"widget\" data-e-type=\"widget\" data-widget_type=\"counter.default\">\n\t\t\t\t<div class=\"elementor-widget-container\">\n\t\t\t\t\t\t\t<div class=\"elementor-counter\">\n\t\t\t<div class=\"elementor-counter-title\">ESCOLES BRESSOL<\/div>\t\t\t<div class=\"elementor-counter-number-wrapper\">\n\t\t\t\t<span class=\"elementor-counter-number-prefix\"><\/span>\n\t\t\t\t<span class=\"elementor-counter-number\" data-duration=\"2000\" data-to-value=\"36\" data-from-value=\"0\" data-delimiter=\".\">0<\/span>\n\t\t\t\t<span class=\"elementor-counter-number-suffix\"><\/span>\n\t\t\t<\/div>\n\t\t<\/div>\n\t\t\t\t\t\t<\/div>\n\t\t\t\t<\/div>\n\t\t\t\t<\/div>\n\t\t<div class=\"elementor-element elementor-element-c3161ce e-con-full e-flex e-con e-child\" data-id=\"c3161ce\" data-element_type=\"container\" data-e-type=\"container\">\n\t\t\t\t<div class=\"elementor-element elementor-element-c3995a9 elementor-widget elementor-widget-counter\" data-id=\"c3995a9\" data-element_type=\"widget\" data-e-type=\"widget\" data-widget_type=\"counter.default\">\n\t\t\t\t<div class=\"elementor-widget-container\">\n\t\t\t\t\t\t\t<div class=\"elementor-counter\">\n\t\t\t<div class=\"elementor-counter-title\">ALUMNES<\/div>\t\t\t<div class=\"elementor-counter-number-wrapper\">\n\t\t\t\t<span class=\"elementor-counter-number-prefix\"><\/span>\n\t\t\t\t<span class=\"elementor-counter-number\" data-duration=\"2000\" data-to-value=\"2607\" data-from-value=\"0\" data-delimiter=\".\">0<\/span>\n\t\t\t\t<span class=\"elementor-counter-number-suffix\"><\/span>\n\t\t\t<\/div>\n\t\t<\/div>\n\t\t\t\t\t\t<\/div>\n\t\t\t\t<\/div>\n\t\t\t\t<\/div>\n\t\t\t\t\t<\/div>\n\t\t\t\t<\/section>\n\t\t\t\t<\/div>\n\t\t","protected":false},"excerpt":{"rendered":"<p>VOCACI\u00d3 DE SERVEI Koala Escoles Bressol pertany a Clece, que ofereix serveis socials a diferents col\u00b7lectius. Des de Koala,\u00a0gestionem a tot Espanya escoles p\u00fabliques del Primer Cicle d\u2019Educaci\u00f3 Infantil,\u00a0per a nens i nenes de 0 a 3 anys. Cuidem els menuts amb\u00a0metodologies innovadores\u00a0i facilitem la\u00a0conciliaci\u00f3 laboral\u00a0de les seves fam\u00edlies a trav\u00e9s d\u2019activitats complement\u00e0ries dins i [&hellip;]<\/p>\n","protected":false},"author":70,"featured_media":0,"parent":0,"menu_order":0,"comment_status":"closed","ping_status":"closed","template":"","meta":{"_acf_changed":false,"footnotes":""},"class_list":["post-43","page","type-page","status-publish","hentry"],"acf":[],"yoast_head":"<!-- This site is optimized with the Yoast SEO plugin v27.3 - https:\/\/yoast.com\/product\/yoast-seo-wordpress\/ -->\n<title>Qui som - Koala Escoles Bressol<\/title>\n<meta name=\"description\" content=\"Con\u00f3cenos . En Clece escuelas infantiles somos conscientes de la importancia del papel de los servicios educativos en la etapa infantil para lograr el completo desarrollo y la felicidad de los m\u00e1s peque\u00f1os, as\u00ed como para ayudar a las familias a conciliar la vida personal, familiar y laboral.\" \/>\n<meta name=\"robots\" content=\"index, follow, max-snippet:-1, max-image-preview:large, max-video-preview:-1\" \/>\n<link rel=\"canonical\" href=\"https:\/\/koalaescuelas.es\/ca\/quienes-somos\/\" \/>\n<meta property=\"og:locale\" content=\"ca_ES\" \/>\n<meta property=\"og:type\" content=\"article\" \/>\n<meta property=\"og:title\" content=\"Qui som - Koala Escoles Bressol\" \/>\n<meta property=\"og:description\" content=\"Con\u00f3cenos . En Clece escuelas infantiles somos conscientes de la importancia del papel de los servicios educativos en la etapa infantil para lograr el completo desarrollo y la felicidad de los m\u00e1s peque\u00f1os, as\u00ed como para ayudar a las familias a conciliar la vida personal, familiar y laboral.\" \/>\n<meta property=\"og:url\" content=\"https:\/\/koalaescuelas.es\/ca\/quienes-somos\/\" \/>\n<meta property=\"og:site_name\" content=\"Koala Escoles Bressol\" \/>\n<meta property=\"article:modified_time\" content=\"2025-02-07T17:53:12+00:00\" \/>\n<meta name=\"twitter:card\" content=\"summary_large_image\" \/>\n<meta name=\"twitter:label1\" content=\"Temps estimat de lectura\" \/>\n\t<meta name=\"twitter:data1\" content=\"1 minut\" \/>\n<script type=\"application\/ld+json\" class=\"yoast-schema-graph\">{\"@context\":\"https:\\\/\\\/schema.org\",\"@graph\":[{\"@type\":\"WebPage\",\"@id\":\"https:\\\/\\\/koalaescuelas.es\\\/ca\\\/quienes-somos\\\/\",\"url\":\"https:\\\/\\\/koalaescuelas.es\\\/ca\\\/quienes-somos\\\/\",\"name\":\"Qui som - Koala Escoles Bressol\",\"isPartOf\":{\"@id\":\"https:\\\/\\\/koalaescuelas.es\\\/ca\\\/#website\"},\"datePublished\":\"2017-10-26T06:35:33+00:00\",\"dateModified\":\"2025-02-07T17:53:12+00:00\",\"description\":\"Con\u00f3cenos . En Clece escuelas infantiles somos conscientes de la importancia del papel de los servicios educativos en la etapa infantil para lograr el completo desarrollo y la felicidad de los m\u00e1s peque\u00f1os, as\u00ed como para ayudar a las familias a conciliar la vida personal, familiar y laboral.\",\"inLanguage\":\"ca\",\"potentialAction\":[{\"@type\":\"ReadAction\",\"target\":[\"https:\\\/\\\/koalaescuelas.es\\\/ca\\\/quienes-somos\\\/\"]}]},{\"@type\":\"WebSite\",\"@id\":\"https:\\\/\\\/koalaescuelas.es\\\/ca\\\/#website\",\"url\":\"https:\\\/\\\/koalaescuelas.es\\\/ca\\\/\",\"name\":\"Koala Escoles Bressol\",\"description\":\"\",\"publisher\":{\"@id\":\"https:\\\/\\\/koalaescuelas.es\\\/ca\\\/#organization\"},\"potentialAction\":[{\"@type\":\"SearchAction\",\"target\":{\"@type\":\"EntryPoint\",\"urlTemplate\":\"https:\\\/\\\/koalaescuelas.es\\\/ca\\\/?s={search_term_string}\"},\"query-input\":{\"@type\":\"PropertyValueSpecification\",\"valueRequired\":true,\"valueName\":\"search_term_string\"}}],\"inLanguage\":\"ca\"},{\"@type\":\"Organization\",\"@id\":\"https:\\\/\\\/koalaescuelas.es\\\/ca\\\/#organization\",\"name\":\"Koala Escoles Bressol\",\"url\":\"https:\\\/\\\/koalaescuelas.es\\\/ca\\\/\",\"logo\":{\"@type\":\"ImageObject\",\"inLanguage\":\"ca\",\"@id\":\"https:\\\/\\\/koalaescuelas.es\\\/ca\\\/#\\\/schema\\\/logo\\\/image\\\/\",\"url\":\"https:\\\/\\\/koalaescuelas.es\\\/ca\\\/wp-content\\\/uploads\\\/sites\\\/89\\\/2020\\\/11\\\/logo_12_K.ng_cat.png\",\"contentUrl\":\"https:\\\/\\\/koalaescuelas.es\\\/ca\\\/wp-content\\\/uploads\\\/sites\\\/89\\\/2020\\\/11\\\/logo_12_K.ng_cat.png\",\"width\":176,\"height\":36,\"caption\":\"Koala Escoles Bressol\"},\"image\":{\"@id\":\"https:\\\/\\\/koalaescuelas.es\\\/ca\\\/#\\\/schema\\\/logo\\\/image\\\/\"}}]}<\/script>\n<!-- \/ Yoast SEO plugin. -->","yoast_head_json":{"title":"Qui som - Koala Escoles Bressol","description":"Con\u00f3cenos . En Clece escuelas infantiles somos conscientes de la importancia del papel de los servicios educativos en la etapa infantil para lograr el completo desarrollo y la felicidad de los m\u00e1s peque\u00f1os, as\u00ed como para ayudar a las familias a conciliar la vida personal, familiar y laboral.","robots":{"index":"index","follow":"follow","max-snippet":"max-snippet:-1","max-image-preview":"max-image-preview:large","max-video-preview":"max-video-preview:-1"},"canonical":"https:\/\/koalaescuelas.es\/ca\/quienes-somos\/","og_locale":"ca_ES","og_type":"article","og_title":"Qui som - Koala Escoles Bressol","og_description":"Con\u00f3cenos . En Clece escuelas infantiles somos conscientes de la importancia del papel de los servicios educativos en la etapa infantil para lograr el completo desarrollo y la felicidad de los m\u00e1s peque\u00f1os, as\u00ed como para ayudar a las familias a conciliar la vida personal, familiar y laboral.","og_url":"https:\/\/koalaescuelas.es\/ca\/quienes-somos\/","og_site_name":"Koala Escoles Bressol","article_modified_time":"2025-02-07T17:53:12+00:00","twitter_card":"summary_large_image","twitter_misc":{"Temps estimat de lectura":"1 minut"},"schema":{"@context":"https:\/\/schema.org","@graph":[{"@type":"WebPage","@id":"https:\/\/koalaescuelas.es\/ca\/quienes-somos\/","url":"https:\/\/koalaescuelas.es\/ca\/quienes-somos\/","name":"Qui som - Koala Escoles Bressol","isPartOf":{"@id":"https:\/\/koalaescuelas.es\/ca\/#website"},"datePublished":"2017-10-26T06:35:33+00:00","dateModified":"2025-02-07T17:53:12+00:00","description":"Con\u00f3cenos . En Clece escuelas infantiles somos conscientes de la importancia del papel de los servicios educativos en la etapa infantil para lograr el completo desarrollo y la felicidad de los m\u00e1s peque\u00f1os, as\u00ed como para ayudar a las familias a conciliar la vida personal, familiar y laboral.","inLanguage":"ca","potentialAction":[{"@type":"ReadAction","target":["https:\/\/koalaescuelas.es\/ca\/quienes-somos\/"]}]},{"@type":"WebSite","@id":"https:\/\/koalaescuelas.es\/ca\/#website","url":"https:\/\/koalaescuelas.es\/ca\/","name":"Koala Escoles Bressol","description":"","publisher":{"@id":"https:\/\/koalaescuelas.es\/ca\/#organization"},"potentialAction":[{"@type":"SearchAction","target":{"@type":"EntryPoint","urlTemplate":"https:\/\/koalaescuelas.es\/ca\/?s={search_term_string}"},"query-input":{"@type":"PropertyValueSpecification","valueRequired":true,"valueName":"search_term_string"}}],"inLanguage":"ca"},{"@type":"Organization","@id":"https:\/\/koalaescuelas.es\/ca\/#organization","name":"Koala Escoles Bressol","url":"https:\/\/koalaescuelas.es\/ca\/","logo":{"@type":"ImageObject","inLanguage":"ca","@id":"https:\/\/koalaescuelas.es\/ca\/#\/schema\/logo\/image\/","url":"https:\/\/koalaescuelas.es\/ca\/wp-content\/uploads\/sites\/89\/2020\/11\/logo_12_K.ng_cat.png","contentUrl":"https:\/\/koalaescuelas.es\/ca\/wp-content\/uploads\/sites\/89\/2020\/11\/logo_12_K.ng_cat.png","width":176,"height":36,"caption":"Koala Escoles Bressol"},"image":{"@id":"https:\/\/koalaescuelas.es\/ca\/#\/schema\/logo\/image\/"}}]}},"_links":{"self":[{"href":"https:\/\/koalaescuelas.es\/ca\/wp-json\/wp\/v2\/pages\/43","targetHints":{"allow":["GET"]}}],"collection":[{"href":"https:\/\/koalaescuelas.es\/ca\/wp-json\/wp\/v2\/pages"}],"about":[{"href":"https:\/\/koalaescuelas.es\/ca\/wp-json\/wp\/v2\/types\/page"}],"author":[{"embeddable":true,"href":"https:\/\/koalaescuelas.es\/ca\/wp-json\/wp\/v2\/users\/70"}],"replies":[{"embeddable":true,"href":"https:\/\/koalaescuelas.es\/ca\/wp-json\/wp\/v2\/comments?post=43"}],"version-history":[{"count":3,"href":"https:\/\/koalaescuelas.es\/ca\/wp-json\/wp\/v2\/pages\/43\/revisions"}],"predecessor-version":[{"id":5840,"href":"https:\/\/koalaescuelas.es\/ca\/wp-json\/wp\/v2\/pages\/43\/revisions\/5840"}],"wp:attachment":[{"href":"https:\/\/koalaescuelas.es\/ca\/wp-json\/wp\/v2\/media?parent=43"}],"curies":[{"name":"wp","href":"https:\/\/api.w.org\/{rel}","templated":true}]}}