{"id":2778,"date":"2021-05-28T10:50:26","date_gmt":"2021-05-28T08:50:26","guid":{"rendered":"https:\/\/tlsdemo.in\/demo\/koalaescuelas\/?page_id=2778\/"},"modified":"2025-02-06T22:05:05","modified_gmt":"2025-02-06T21:05:05","slug":"declaracion-de-igualdad-y-responsabilidad-social","status":"publish","type":"page","link":"https:\/\/koalaescuelas.es\/ca\/declaracion-de-igualdad-y-responsabilidad-social\/","title":{"rendered":"Declaraci\u00f3 d&#8217;Igualtat i Responsabilitat Social"},"content":{"rendered":"\t\t<div data-elementor-type=\"wp-page\" data-elementor-id=\"2778\" class=\"elementor elementor-2778\" data-elementor-post-type=\"page\">\n\t\t\t\t<div class=\"elementor-element elementor-element-5cdf597b e-flex e-con-boxed e-con e-parent\" data-id=\"5cdf597b\" data-element_type=\"container\" data-e-type=\"container\" data-settings=\"{&quot;background_background&quot;:&quot;gradient&quot;}\">\n\t\t\t\t\t<div class=\"e-con-inner\">\n\t\t\t\t<div class=\"elementor-element elementor-element-b20e836 elementor-widget elementor-widget-heading\" data-id=\"b20e836\" data-element_type=\"widget\" data-e-type=\"widget\" data-widget_type=\"heading.default\">\n\t\t\t\t<div class=\"elementor-widget-container\">\n\t\t\t\t\t<h1 class=\"elementor-heading-title elementor-size-default\">DECLARACI\u00d3 D\u2019IGUALTAT I<BR \/> RESPONSABILITAT SOCIAL<\/h1>\t\t\t\t<\/div>\n\t\t\t\t<\/div>\n\t\t\t\t<div class=\"elementor-element elementor-element-2979131b elementor-widget elementor-widget-text-editor\" data-id=\"2979131b\" data-element_type=\"widget\" data-e-type=\"widget\" data-widget_type=\"text-editor.default\">\n\t\t\t\t<div class=\"elementor-widget-container\">\n\t\t\t\t\t\t\t\t\t<p>Conscient que la gesti\u00f3 empresarial ha d\u2019estar d\u2019acord amb les necessitats i demandes de la societat, Clece Seguridad declara el seu comprom\u00eds amb la igualtat efectiva entre dones i homes en el si de l\u2019empresa i l\u2019aplicaci\u00f3 efectiva de pol\u00edtiques per a la consecuci\u00f3 d\u2019aquest principi, dins dels termes que preveu la Llei Org\u00e0nica 3\/2007.<\/p><p>En tots i cadascun dels \u00e0mbits de l\u2019empresa -des de les condicions de treball, els serveis prestats o la comunicaci\u00f3- Clece Seguridad assumeix la igualtat de tracte i oportunitats sense discriminar directament o indirectament per ra\u00f3 de sexe.<\/p><p>Els principis enunciats es porten a la pr\u00e0ctica a trav\u00e9s de l\u2019elaboraci\u00f3 i aplicaci\u00f3 d\u2019un Pla d\u2019Igualtat en l\u2019Empresa i d\u2019altres mesures com l\u2019establiment de protocols de prevenci\u00f3 i actuaci\u00f3 per a casos d\u2019assetjament laboral i sexual.<\/p><p>Dins del seu projecte social, Clece Seguridad tamb\u00e9 treballa per la integraci\u00f3 laboral en la seva plantilla de dones v\u00edctimes de viol\u00e8ncia de g\u00e8nere.<\/p><p>Som rigorosos amb la legislaci\u00f3 vigent i estenem aquest comprom\u00eds per mitj\u00e0 d\u2019una exig\u00e8ncia de certificaci\u00f3 en RSE, la Norma IQ NET SR 10. Aquesta certificaci\u00f3 implica el compliment i comprom\u00eds amb els requeriments de la norma en mat\u00e8ria de rendici\u00f3 de comptes, transpar\u00e8ncia, comportament \u00e8tic, respecte als grups d\u2019inter\u00e8s, respecte al principi de legalitat, respecte a la normativa internacional de compliment i respecte als drets humans. Si desitja ampliar informaci\u00f3, podeu consultar la nostra Pol\u00edtica de\u00a0<a href=\"https:\/\/koalaescuelas.es\/wp-content\/uploads\/2021\/06\/Declaraci%C3%B3n-RSC-SR-10-edici%C3%B3n-1-KOALA-Escuelas-Infantiles.pdf\"><strong>Responsabilitat Social<\/strong><\/a>\u00a0i\u00a0<a href=\"https:\/\/koalaescuelas.es\/ca\/wp-content\/uploads\/sites\/89\/2025\/02\/P-02-MATERIALIDAD-ENE25-V07.pdf\" target=\"_blank\" rel=\"noopener\"><strong>l\u2019an\u00e0lisi de materialitat.<\/strong><\/a><\/p><p>Igualment, Clece Seguridad es compromet amb les persones que formen part de l\u2019organitzaci\u00f3, per mitj\u00e0 de la Norma EFR, a oferir mesures de conciliaci\u00f3 adequades a la seva cultura i marc de negoci, entenent com a tal la suficient flexibilitat atesa per l\u2019empresa per cobrir les necessitats personals i familiars dels seus col\u00b7laboradors, d\u2019acord i equilibri amb els objectius de la companyia.<\/p><p>La direcci\u00f3 i tots els empleats assumeixen el comprom\u00eds contingut en aquesta declaraci\u00f3.<\/p>\t\t\t\t\t\t\t\t<\/div>\n\t\t\t\t<\/div>\n\t\t\t\t\t<\/div>\n\t\t\t\t<\/div>\n\t\t\t\t<\/div>\n\t\t","protected":false},"excerpt":{"rendered":"<p>DECLARACI\u00d3 D\u2019IGUALTAT I RESPONSABILITAT SOCIAL Conscient que la gesti\u00f3 empresarial ha d\u2019estar d\u2019acord amb les necessitats i demandes de la societat, Clece Seguridad declara el seu comprom\u00eds amb la igualtat efectiva entre dones i homes en el si de l\u2019empresa i l\u2019aplicaci\u00f3 efectiva de pol\u00edtiques per a la consecuci\u00f3 d\u2019aquest principi, dins dels termes que [&hellip;]<\/p>\n","protected":false},"author":70,"featured_media":0,"parent":0,"menu_order":0,"comment_status":"closed","ping_status":"closed","template":"","meta":{"_acf_changed":false,"footnotes":""},"class_list":["post-2778","page","type-page","status-publish","hentry"],"acf":[],"yoast_head":"<!-- This site is optimized with the Yoast SEO plugin v27.3 - https:\/\/yoast.com\/product\/yoast-seo-wordpress\/ -->\n<title>Declaraci\u00f3 d&#039;Igualtat i Responsabilitat Social - Koala Escoles Bressol<\/title>\n<meta name=\"robots\" content=\"index, follow, max-snippet:-1, max-image-preview:large, max-video-preview:-1\" \/>\n<link rel=\"canonical\" href=\"https:\/\/koalaescuelas.es\/ca\/declaracion-de-igualdad-y-responsabilidad-social\/\" \/>\n<meta property=\"og:locale\" content=\"ca_ES\" \/>\n<meta property=\"og:type\" content=\"article\" \/>\n<meta property=\"og:title\" content=\"Declaraci\u00f3 d&#039;Igualtat i Responsabilitat Social - Koala Escoles Bressol\" \/>\n<meta property=\"og:description\" content=\"DECLARACI\u00d3 D\u2019IGUALTAT I RESPONSABILITAT SOCIAL Conscient que la gesti\u00f3 empresarial ha d\u2019estar d\u2019acord amb les necessitats i demandes de la societat, Clece Seguridad declara el seu comprom\u00eds amb la igualtat efectiva entre dones i homes en el si de l\u2019empresa i l\u2019aplicaci\u00f3 efectiva de pol\u00edtiques per a la consecuci\u00f3 d\u2019aquest principi, dins dels termes que [&hellip;]\" \/>\n<meta property=\"og:url\" content=\"https:\/\/koalaescuelas.es\/ca\/declaracion-de-igualdad-y-responsabilidad-social\/\" \/>\n<meta property=\"og:site_name\" content=\"Koala Escoles Bressol\" \/>\n<meta property=\"article:modified_time\" content=\"2025-02-06T21:05:05+00:00\" \/>\n<meta name=\"twitter:card\" content=\"summary_large_image\" \/>\n<meta name=\"twitter:label1\" content=\"Temps estimat de lectura\" \/>\n\t<meta name=\"twitter:data1\" content=\"2 minuts\" \/>\n<script type=\"application\/ld+json\" class=\"yoast-schema-graph\">{\"@context\":\"https:\\\/\\\/schema.org\",\"@graph\":[{\"@type\":\"WebPage\",\"@id\":\"https:\\\/\\\/koalaescuelas.es\\\/ca\\\/declaracion-de-igualdad-y-responsabilidad-social\\\/\",\"url\":\"https:\\\/\\\/koalaescuelas.es\\\/ca\\\/declaracion-de-igualdad-y-responsabilidad-social\\\/\",\"name\":\"Declaraci\u00f3 d'Igualtat i Responsabilitat Social - Koala Escoles Bressol\",\"isPartOf\":{\"@id\":\"https:\\\/\\\/koalaescuelas.es\\\/ca\\\/#website\"},\"datePublished\":\"2021-05-28T08:50:26+00:00\",\"dateModified\":\"2025-02-06T21:05:05+00:00\",\"inLanguage\":\"ca\",\"potentialAction\":[{\"@type\":\"ReadAction\",\"target\":[\"https:\\\/\\\/koalaescuelas.es\\\/ca\\\/declaracion-de-igualdad-y-responsabilidad-social\\\/\"]}]},{\"@type\":\"WebSite\",\"@id\":\"https:\\\/\\\/koalaescuelas.es\\\/ca\\\/#website\",\"url\":\"https:\\\/\\\/koalaescuelas.es\\\/ca\\\/\",\"name\":\"Koala Escoles Bressol\",\"description\":\"\",\"publisher\":{\"@id\":\"https:\\\/\\\/koalaescuelas.es\\\/ca\\\/#organization\"},\"potentialAction\":[{\"@type\":\"SearchAction\",\"target\":{\"@type\":\"EntryPoint\",\"urlTemplate\":\"https:\\\/\\\/koalaescuelas.es\\\/ca\\\/?s={search_term_string}\"},\"query-input\":{\"@type\":\"PropertyValueSpecification\",\"valueRequired\":true,\"valueName\":\"search_term_string\"}}],\"inLanguage\":\"ca\"},{\"@type\":\"Organization\",\"@id\":\"https:\\\/\\\/koalaescuelas.es\\\/ca\\\/#organization\",\"name\":\"Koala Escoles Bressol\",\"url\":\"https:\\\/\\\/koalaescuelas.es\\\/ca\\\/\",\"logo\":{\"@type\":\"ImageObject\",\"inLanguage\":\"ca\",\"@id\":\"https:\\\/\\\/koalaescuelas.es\\\/ca\\\/#\\\/schema\\\/logo\\\/image\\\/\",\"url\":\"https:\\\/\\\/koalaescuelas.es\\\/ca\\\/wp-content\\\/uploads\\\/sites\\\/89\\\/2020\\\/11\\\/logo_12_K.ng_cat.png\",\"contentUrl\":\"https:\\\/\\\/koalaescuelas.es\\\/ca\\\/wp-content\\\/uploads\\\/sites\\\/89\\\/2020\\\/11\\\/logo_12_K.ng_cat.png\",\"width\":176,\"height\":36,\"caption\":\"Koala Escoles Bressol\"},\"image\":{\"@id\":\"https:\\\/\\\/koalaescuelas.es\\\/ca\\\/#\\\/schema\\\/logo\\\/image\\\/\"}}]}<\/script>\n<!-- \/ Yoast SEO plugin. -->","yoast_head_json":{"title":"Declaraci\u00f3 d'Igualtat i Responsabilitat Social - Koala Escoles Bressol","robots":{"index":"index","follow":"follow","max-snippet":"max-snippet:-1","max-image-preview":"max-image-preview:large","max-video-preview":"max-video-preview:-1"},"canonical":"https:\/\/koalaescuelas.es\/ca\/declaracion-de-igualdad-y-responsabilidad-social\/","og_locale":"ca_ES","og_type":"article","og_title":"Declaraci\u00f3 d'Igualtat i Responsabilitat Social - Koala Escoles Bressol","og_description":"DECLARACI\u00d3 D\u2019IGUALTAT I RESPONSABILITAT SOCIAL Conscient que la gesti\u00f3 empresarial ha d\u2019estar d\u2019acord amb les necessitats i demandes de la societat, Clece Seguridad declara el seu comprom\u00eds amb la igualtat efectiva entre dones i homes en el si de l\u2019empresa i l\u2019aplicaci\u00f3 efectiva de pol\u00edtiques per a la consecuci\u00f3 d\u2019aquest principi, dins dels termes que [&hellip;]","og_url":"https:\/\/koalaescuelas.es\/ca\/declaracion-de-igualdad-y-responsabilidad-social\/","og_site_name":"Koala Escoles Bressol","article_modified_time":"2025-02-06T21:05:05+00:00","twitter_card":"summary_large_image","twitter_misc":{"Temps estimat de lectura":"2 minuts"},"schema":{"@context":"https:\/\/schema.org","@graph":[{"@type":"WebPage","@id":"https:\/\/koalaescuelas.es\/ca\/declaracion-de-igualdad-y-responsabilidad-social\/","url":"https:\/\/koalaescuelas.es\/ca\/declaracion-de-igualdad-y-responsabilidad-social\/","name":"Declaraci\u00f3 d'Igualtat i Responsabilitat Social - Koala Escoles Bressol","isPartOf":{"@id":"https:\/\/koalaescuelas.es\/ca\/#website"},"datePublished":"2021-05-28T08:50:26+00:00","dateModified":"2025-02-06T21:05:05+00:00","inLanguage":"ca","potentialAction":[{"@type":"ReadAction","target":["https:\/\/koalaescuelas.es\/ca\/declaracion-de-igualdad-y-responsabilidad-social\/"]}]},{"@type":"WebSite","@id":"https:\/\/koalaescuelas.es\/ca\/#website","url":"https:\/\/koalaescuelas.es\/ca\/","name":"Koala Escoles Bressol","description":"","publisher":{"@id":"https:\/\/koalaescuelas.es\/ca\/#organization"},"potentialAction":[{"@type":"SearchAction","target":{"@type":"EntryPoint","urlTemplate":"https:\/\/koalaescuelas.es\/ca\/?s={search_term_string}"},"query-input":{"@type":"PropertyValueSpecification","valueRequired":true,"valueName":"search_term_string"}}],"inLanguage":"ca"},{"@type":"Organization","@id":"https:\/\/koalaescuelas.es\/ca\/#organization","name":"Koala Escoles Bressol","url":"https:\/\/koalaescuelas.es\/ca\/","logo":{"@type":"ImageObject","inLanguage":"ca","@id":"https:\/\/koalaescuelas.es\/ca\/#\/schema\/logo\/image\/","url":"https:\/\/koalaescuelas.es\/ca\/wp-content\/uploads\/sites\/89\/2020\/11\/logo_12_K.ng_cat.png","contentUrl":"https:\/\/koalaescuelas.es\/ca\/wp-content\/uploads\/sites\/89\/2020\/11\/logo_12_K.ng_cat.png","width":176,"height":36,"caption":"Koala Escoles Bressol"},"image":{"@id":"https:\/\/koalaescuelas.es\/ca\/#\/schema\/logo\/image\/"}}]}},"_links":{"self":[{"href":"https:\/\/koalaescuelas.es\/ca\/wp-json\/wp\/v2\/pages\/2778","targetHints":{"allow":["GET"]}}],"collection":[{"href":"https:\/\/koalaescuelas.es\/ca\/wp-json\/wp\/v2\/pages"}],"about":[{"href":"https:\/\/koalaescuelas.es\/ca\/wp-json\/wp\/v2\/types\/page"}],"author":[{"embeddable":true,"href":"https:\/\/koalaescuelas.es\/ca\/wp-json\/wp\/v2\/users\/70"}],"replies":[{"embeddable":true,"href":"https:\/\/koalaescuelas.es\/ca\/wp-json\/wp\/v2\/comments?post=2778"}],"version-history":[{"count":3,"href":"https:\/\/koalaescuelas.es\/ca\/wp-json\/wp\/v2\/pages\/2778\/revisions"}],"predecessor-version":[{"id":5834,"href":"https:\/\/koalaescuelas.es\/ca\/wp-json\/wp\/v2\/pages\/2778\/revisions\/5834"}],"wp:attachment":[{"href":"https:\/\/koalaescuelas.es\/ca\/wp-json\/wp\/v2\/media?parent=2778"}],"curies":[{"name":"wp","href":"https:\/\/api.w.org\/{rel}","templated":true}]}}