{"id":204,"date":"2017-10-28T09:49:31","date_gmt":"2017-10-28T09:49:31","guid":{"rendered":"http:\/\/213.165.68.209\/?page_id=204"},"modified":"2025-02-17T21:35:53","modified_gmt":"2025-02-17T20:35:53","slug":"home","status":"publish","type":"page","link":"https:\/\/koalaescuelas.es\/ca\/","title":{"rendered":"Home"},"content":{"rendered":"\t\t<div data-elementor-type=\"wp-page\" data-elementor-id=\"204\" class=\"elementor elementor-204\" data-elementor-post-type=\"page\">\n\t\t\t\t<div class=\"elementor-element elementor-element-30a3069 e-flex e-con-boxed e-con e-parent\" data-id=\"30a3069\" data-element_type=\"container\" data-e-type=\"container\" data-settings=\"{&quot;background_background&quot;:&quot;video&quot;,&quot;background_video_link&quot;:&quot;\\\/wp-content\\\/uploads\\\/2025\\\/02\\\/KOALA_PARA_WEB_1080-opt.mov&quot;,&quot;background_play_on_mobile&quot;:&quot;yes&quot;}\">\n\t\t\t\t\t<div class=\"e-con-inner\">\n\t\t<div class=\"elementor-background-video-container\">\n\t\t\t\t\t\t\t<video class=\"elementor-background-video-hosted\" role=\"presentation\" autoplay muted playsinline loop><\/video>\n\t\t\t\t\t<\/div>\t\t<div class=\"elementor-element elementor-element-a3b6cb7 elementor-widget elementor-widget-heading\" data-id=\"a3b6cb7\" data-element_type=\"widget\" data-e-type=\"widget\" data-widget_type=\"heading.default\">\n\t\t\t\t<div class=\"elementor-widget-container\">\n\t\t\t\t\t<h1 class=\"elementor-heading-title elementor-size-default\">LA SEVA PRIMERA ESCOLA<\/h1>\t\t\t\t<\/div>\n\t\t\t\t<\/div>\n\t\t\t\t<div class=\"elementor-element elementor-element-b62e0b6 elementor-widget__width-initial elementor-widget elementor-widget-heading\" data-id=\"b62e0b6\" data-element_type=\"widget\" data-e-type=\"widget\" data-widget_type=\"heading.default\">\n\t\t\t\t<div class=\"elementor-widget-container\">\n\t\t\t\t\t<span class=\"elementor-heading-title elementor-size-default\">Cuidem els m\u00e9s petits amb models pedag\u00f2gics que impulsen la seva autonomia i n'estimulen el desenvolupament f\u00edsic, afectiu i intel\u00b7lectual.<\/span>\t\t\t\t<\/div>\n\t\t\t\t<\/div>\n\t\t\t\t<div class=\"elementor-element elementor-element-ccaa368 elementor-absolute dce_masking-none elementor-widget elementor-widget-image\" data-id=\"ccaa368\" data-element_type=\"widget\" data-e-type=\"widget\" data-settings=\"{&quot;_position&quot;:&quot;absolute&quot;}\" data-widget_type=\"image.default\">\n\t\t\t\t<div class=\"elementor-widget-container\">\n\t\t\t\t\t<div class=\"dce-animations\">\t\t\t\t\t\t\t\t\t\t\t<a href=\"#home-section-2\">\n\t\t\t\t\t\t\t<img decoding=\"async\" src=\"\/wp-content\/uploads\/images\/down-arrow.png\" title=\"\" alt=\"\" loading=\"lazy\" \/>\t\t\t\t\t\t\t\t<\/a>\n\t\t\t\t\t\t\t\t\t\t\t<\/div>\t\t\t\t<\/div>\n\t\t\t\t<\/div>\n\t\t\t\t\t<\/div>\n\t\t\t\t<\/div>\n\t\t<section data-dce-background-image-url=\"https:\/\/koalaescuelas.es\/ca\/wp-content\/uploads\/sites\/89\/2025\/02\/Nuestrasescuelas_buscador_home_Koala_escuelas_1280x633px.png\" class=\"elementor-element elementor-element-c873f32 e-flex e-con-boxed e-con e-parent\" data-id=\"c873f32\" data-element_type=\"container\" data-e-type=\"container\" id=\"home-section-2\" data-settings=\"{&quot;background_background&quot;:&quot;classic&quot;}\">\n\t\t\t\t\t<div class=\"e-con-inner\">\n\t\t<div class=\"elementor-element elementor-element-2f3b4bf e-con-full e-flex elementor-invisible e-con e-child\" data-id=\"2f3b4bf\" data-element_type=\"container\" data-e-type=\"container\" data-settings=\"{&quot;animation&quot;:&quot;slideInDown&quot;,&quot;animation_delay&quot;:500}\">\n\t\t\t\t<div class=\"elementor-element elementor-element-e6df8d7 elementor-widget elementor-widget-heading\" data-id=\"e6df8d7\" data-element_type=\"widget\" data-e-type=\"widget\" data-widget_type=\"heading.default\">\n\t\t\t\t<div class=\"elementor-widget-container\">\n\t\t\t\t\t<h3 class=\"elementor-heading-title elementor-size-default\">LES NOSTRES ESCOLES<\/h3>\t\t\t\t<\/div>\n\t\t\t\t<\/div>\n\t\t\t\t<div class=\"elementor-element elementor-element-73f5dbf elementor-widget elementor-widget-heading\" data-id=\"73f5dbf\" data-element_type=\"widget\" data-e-type=\"widget\" data-widget_type=\"heading.default\">\n\t\t\t\t<div class=\"elementor-widget-container\">\n\t\t\t\t\t<h3 class=\"elementor-heading-title elementor-size-default\"><p>Comptem amb escoles distribu\u00efdes per tot el territori, <br \/>troba la que tinguis m\u00e9s a prop.<\/p>\n<\/h3>\t\t\t\t<\/div>\n\t\t\t\t<\/div>\n\t\t\t\t<div class=\"elementor-element elementor-element-bdfaa31 elementor-widget__width-initial elementor-widget elementor-widget-dce-rawphp\" data-id=\"bdfaa31\" data-element_type=\"widget\" data-e-type=\"widget\" data-widget_type=\"dce-rawphp.default\">\n\t\t\t\t<div class=\"elementor-widget-container\">\n\t\t\t\t\t<!-- Dynamic PHP Raw --><div class=\"newone search_widget col-sm-8\">\r\n            <input type=\"text\" name=\"filter_multiple\" id=\"filter_multiple\" value=\"\" placeholder=\"Ciudad, c\u00f3digo postal...\">\r\n    <span class=\"genericon-location\"><\/span>\r\n    <input type=\"hidden\" name=\"lat_point\" id=\"lat_point\">\r\n    <input type=\"hidden\" name=\"log_point\" id=\"log_point\">\r\n    <button type=\"button\" class=\"find_geolocation \"><\/button>\r\n    <button type=\"button\" class=\"submit_filter genericon-search\">Buscar<\/button>\r\n<\/div>\r\n\r\n<script type=\"text\/javascript\">\r\n    jQuery(document).on('click','.find_geolocation',function(){\t\r\n        var x = document.getElementById(\"filter_multiple\");\r\n        if (navigator.geolocation) {\r\n        navigator.geolocation.getCurrentPosition(showPosition);\r\n      } else { \r\n        x.innerHTML = \"Geolocation is not supported by this browser.\";\r\n      }\r\n    });\r\n    function showPosition(position) {\r\n        console.log(position);\r\n     \/\/ x.innerHTML = \"Latitude: \" + position.coords.latitude +   \"<br>Longitude: \" + position.coords.longitude;\r\n    \r\n       var GEOCODING = 'https:\/\/maps.googleapis.com\/maps\/api\/geocode\/json?latlng=' + position.coords.latitude + '%2C' + position.coords.longitude + '&language=en&key=AIzaSyDdJbV5SLAEeolQv-zv7zu_9HWjGHsWhyY';\r\n    \r\n                $.getJSON(GEOCODING).done(function(location) {\r\n                    console.log(location.results[0].formatted_address);\r\n                    \/\/   $('#country').html(location.results[0].address_components[5].long_name);\r\n                    \/\/ $('#state').html(location.results[0].address_components[4].long_name);\r\n                    \/\/ $('#city').html(location.results[0].address_components[2].long_name);\r\n                    $('#filter_multiple').val(location.results[0].formatted_address);\r\n                    \/\/ $('#latitude').html(position.coords.latitude);\r\n                    \/\/ $('#longitude').html(position.coords.longitude);\r\n                })\r\n    \r\n    }\r\n    \r\n    jQuery(document).on('click','.submit_filter',function(){\r\n        var value=jQuery('#filter_multiple').val();\r\n        \/\/location.href=https:\/\/koalaescuelas.es\/ca\/centros-demo+'?param1='+value;\r\n        \/\/location.href=\"https:\/\/koalaescuelas.es\/ca\/nuestras-escuelas\/\"+'?filter='+value;\r\n        myRedirect(\"https:\/\/koalaescuelas.es\/ca\/nuestras-escuelas\/\", \"filter\", value);\r\n    \r\n    });\r\n    \r\n    var myRedirect = function(redirectUrl, arg, value) {\r\n    var url = redirectUrl + '?' + arg + '=' + encodeURIComponent(value);\r\n    window.location.href = url; \r\n};\r\n    <\/script>\t\t\t\t<\/div>\n\t\t\t\t<\/div>\n\t\t\t\t<div class=\"elementor-element elementor-element-e706275 elementor-widget elementor-widget-heading\" data-id=\"e706275\" data-element_type=\"widget\" data-e-type=\"widget\" data-widget_type=\"heading.default\">\n\t\t\t\t<div class=\"elementor-widget-container\">\n\t\t\t\t\t<span class=\"elementor-heading-title elementor-size-default\">Altres de les nostres escoles infantils<\/span>\t\t\t\t<\/div>\n\t\t\t\t<\/div>\n\t\t\t\t<div data-dce-advanced-background-color=\"#FFFFFF\" class=\"elementor-element elementor-element-1f343a9 elementor-widget elementor-widget-heading\" data-id=\"1f343a9\" data-element_type=\"widget\" data-e-type=\"widget\" data-widget_type=\"heading.default\">\n\t\t\t\t<div class=\"elementor-widget-container\">\n\t\t\t\t\t<div class=\"elementor-heading-title elementor-size-default\"><a href=\"https:\/\/www.cavallcartro.cat\/\" target=\"_blank\">WWW.CAVALLCARTRO.CAT<\/a><\/div>\t\t\t\t<\/div>\n\t\t\t\t<\/div>\n\t\t\t\t<\/div>\n\t\t\t\t\t<\/div>\n\t\t\t\t<\/section>\n\t\t<div data-dce-background-color=\"#FAFAFC\" class=\"elementor-element elementor-element-1364eea e-flex e-con-boxed e-con e-parent\" data-id=\"1364eea\" data-element_type=\"container\" data-e-type=\"container\" data-settings=\"{&quot;background_background&quot;:&quot;classic&quot;}\">\n\t\t\t\t\t<div class=\"e-con-inner\">\n\t\t<div data-dce-background-image-url=\"\/wp-content\/uploads\/images\/integra3.png\" class=\"elementor-element elementor-element-1e26ce5 e-con-full e-flex elementor-invisible e-con e-child\" data-id=\"1e26ce5\" data-element_type=\"container\" data-e-type=\"container\" data-settings=\"{&quot;background_background&quot;:&quot;classic&quot;,&quot;animation&quot;:&quot;slideInLeft&quot;,&quot;animation_delay&quot;:1000}\">\n\t\t\t\t<div class=\"elementor-element elementor-element-8b51d9c elementor-widget__width-inherit elementor-widget elementor-widget-heading\" data-id=\"8b51d9c\" data-element_type=\"widget\" data-e-type=\"widget\" data-widget_type=\"heading.default\">\n\t\t\t\t<div class=\"elementor-widget-container\">\n\t\t\t\t\t<h3 class=\"elementor-heading-title elementor-size-default\">EDUCACI\u00d3 360\u00b0<\/h3>\t\t\t\t<\/div>\n\t\t\t\t<\/div>\n\t\t\t\t<div class=\"elementor-element elementor-element-2d3f5a3 elementor-widget__width-inherit elementor-widget elementor-widget-text-editor\" data-id=\"2d3f5a3\" data-element_type=\"widget\" data-e-type=\"widget\" data-widget_type=\"text-editor.default\">\n\t\t\t\t<div class=\"elementor-widget-container\">\n\t\t\t\t\t\t\t\t\t<p>Des de cadascuna de les nostres escoles, acompanyem els m\u00e9s petits en les primeres etapes de la seva educaci\u00f3. A <b>Koala Escoles Bressol<\/b> fem tot el que cal per <b>refor\u00e7ar l\u2019aprenentatge entre els 0 i els 3 anys<\/b>, una etapa crucial per al desenvolupament ple de les capacitats f\u00edsiques, afectives i intel\u00b7lectuals.<\/p>\n\t\t\t\t\t\t\t\t<\/div>\n\t\t\t\t<\/div>\n\t\t\t\t<\/div>\n\t\t<div class=\"elementor-element elementor-element-3858b72 e-con-full e-flex elementor-invisible e-con e-child\" data-id=\"3858b72\" data-element_type=\"container\" data-e-type=\"container\" data-settings=\"{&quot;animation&quot;:&quot;slideInRight&quot;,&quot;animation_delay&quot;:1000}\">\n\t\t\t\t<div class=\"elementor-element elementor-element-988abea dce_masking-none elementor-widget elementor-widget-image\" data-id=\"988abea\" data-element_type=\"widget\" data-e-type=\"widget\" data-widget_type=\"image.default\">\n\t\t\t\t<div class=\"elementor-widget-container\">\n\t\t\t\t\t\t\t\t\t\t\t\t\t\t\t<img decoding=\"async\" src=\"https:\/\/koalaescuelas.es\/wp-content\/uploads\/2025\/02\/educacion360_Koala_escuelas_651_607px.png\" title=\"\" alt=\"\" loading=\"lazy\" \/>\t\t\t\t\t\t\t\t\t\t\t\t\t\t\t<\/div>\n\t\t\t\t<\/div>\n\t\t\t\t<\/div>\n\t\t\t\t\t<\/div>\n\t\t\t\t<\/div>\n\t\t<section data-dce-background-image-url=\"\/wp-content\/uploads\/images\/integra5.png\" class=\"elementor-element elementor-element-416b6cac e-flex e-con-boxed e-con e-parent\" data-id=\"416b6cac\" data-element_type=\"container\" data-e-type=\"container\" data-settings=\"{&quot;background_background&quot;:&quot;classic&quot;}\">\n\t\t\t\t\t<div class=\"e-con-inner\">\n\t\t<div class=\"elementor-element elementor-element-5154a4fe e-con-full e-flex e-con e-child\" data-id=\"5154a4fe\" data-element_type=\"container\" data-e-type=\"container\">\n\t\t\t\t<div class=\"elementor-element elementor-element-7abbb26e elementor-widget elementor-widget-counter\" data-id=\"7abbb26e\" data-element_type=\"widget\" data-e-type=\"widget\" data-widget_type=\"counter.default\">\n\t\t\t\t<div class=\"elementor-widget-container\">\n\t\t\t\t\t\t\t<div class=\"elementor-counter\">\n\t\t\t<div class=\"elementor-counter-title\">DOCENTS<\/div>\t\t\t<div class=\"elementor-counter-number-wrapper\">\n\t\t\t\t<span class=\"elementor-counter-number-prefix\"><\/span>\n\t\t\t\t<span class=\"elementor-counter-number\" data-duration=\"2000\" data-to-value=\"298\" data-from-value=\"0\" data-delimiter=\".\">0<\/span>\n\t\t\t\t<span class=\"elementor-counter-number-suffix\"><\/span>\n\t\t\t<\/div>\n\t\t<\/div>\n\t\t\t\t\t\t<\/div>\n\t\t\t\t<\/div>\n\t\t\t\t<\/div>\n\t\t<div class=\"elementor-element elementor-element-4b3be3c1 e-con-full e-flex e-con e-child\" data-id=\"4b3be3c1\" data-element_type=\"container\" data-e-type=\"container\">\n\t\t\t\t<div class=\"elementor-element elementor-element-780370e4 elementor-widget elementor-widget-counter\" data-id=\"780370e4\" data-element_type=\"widget\" data-e-type=\"widget\" data-widget_type=\"counter.default\">\n\t\t\t\t<div class=\"elementor-widget-container\">\n\t\t\t\t\t\t\t<div class=\"elementor-counter\">\n\t\t\t<div class=\"elementor-counter-title\"> ESCOLES BRESSOL<\/div>\t\t\t<div class=\"elementor-counter-number-wrapper\">\n\t\t\t\t<span class=\"elementor-counter-number-prefix\"><\/span>\n\t\t\t\t<span class=\"elementor-counter-number\" data-duration=\"2000\" data-to-value=\"36\" data-from-value=\"0\" data-delimiter=\".\">0<\/span>\n\t\t\t\t<span class=\"elementor-counter-number-suffix\"><\/span>\n\t\t\t<\/div>\n\t\t<\/div>\n\t\t\t\t\t\t<\/div>\n\t\t\t\t<\/div>\n\t\t\t\t<\/div>\n\t\t<div class=\"elementor-element elementor-element-138c2282 e-con-full e-flex e-con e-child\" data-id=\"138c2282\" data-element_type=\"container\" data-e-type=\"container\">\n\t\t\t\t<div class=\"elementor-element elementor-element-27a2ef1f elementor-widget elementor-widget-counter\" data-id=\"27a2ef1f\" data-element_type=\"widget\" data-e-type=\"widget\" data-widget_type=\"counter.default\">\n\t\t\t\t<div class=\"elementor-widget-container\">\n\t\t\t\t\t\t\t<div class=\"elementor-counter\">\n\t\t\t<div class=\"elementor-counter-title\">ALUMNES<\/div>\t\t\t<div class=\"elementor-counter-number-wrapper\">\n\t\t\t\t<span class=\"elementor-counter-number-prefix\"><\/span>\n\t\t\t\t<span class=\"elementor-counter-number\" data-duration=\"2000\" data-to-value=\"2607\" data-from-value=\"0\" data-delimiter=\".\">0<\/span>\n\t\t\t\t<span class=\"elementor-counter-number-suffix\"><\/span>\n\t\t\t<\/div>\n\t\t<\/div>\n\t\t\t\t\t\t<\/div>\n\t\t\t\t<\/div>\n\t\t\t\t<\/div>\n\t\t\t\t\t<\/div>\n\t\t\t\t<\/section>\n\t\t\t\t<\/div>\n\t\t","protected":false},"excerpt":{"rendered":"<p>LA SEVA PRIMERA ESCOLA Cuidem els m\u00e9s petits amb models pedag\u00f2gics que impulsen la seva autonomia i n&#8217;estimulen el desenvolupament f\u00edsic, afectiu i intel\u00b7lectual. Buscar DOCENTS 0 ESCOLES BRESSOL 0 ALUMNES 0<\/p>\n","protected":false},"author":1,"featured_media":0,"parent":0,"menu_order":0,"comment_status":"closed","ping_status":"closed","template":"","meta":{"_acf_changed":false,"footnotes":""},"class_list":["post-204","page","type-page","status-publish","hentry"],"acf":[],"yoast_head":"<!-- This site is optimized with the Yoast SEO plugin v27.3 - https:\/\/yoast.com\/product\/yoast-seo-wordpress\/ -->\n<title>Koala Escoles Bressol<\/title>\n<meta name=\"description\" content=\"En Coala Escoles Infantils som conscients de la import\u00e0ncia del paper dels serveis educatius en l&#039;etapa infantil per a aconseguir el complet desenvolupament i la felicitat dels m\u00e9s petits, aix\u00ed com per a ajudar les fam\u00edlies a conciliar la vida personal, familiar i laboral.\" \/>\n<meta name=\"robots\" content=\"index, follow, max-snippet:-1, max-image-preview:large, max-video-preview:-1\" \/>\n<link rel=\"canonical\" href=\"https:\/\/koalaescuelas.es\/ca\/\" \/>\n<meta property=\"og:locale\" content=\"ca_ES\" \/>\n<meta property=\"og:type\" content=\"article\" \/>\n<meta property=\"og:title\" content=\"Koala Escoles Bressol\" \/>\n<meta property=\"og:description\" content=\"En Coala Escoles Infantils som conscients de la import\u00e0ncia del paper dels serveis educatius en l&#039;etapa infantil per a aconseguir el complet desenvolupament i la felicitat dels m\u00e9s petits, aix\u00ed com per a ajudar les fam\u00edlies a conciliar la vida personal, familiar i laboral.\" \/>\n<meta property=\"og:url\" content=\"https:\/\/koalaescuelas.es\/ca\/\" \/>\n<meta property=\"og:site_name\" content=\"Koala Escoles Bressol\" \/>\n<meta property=\"article:modified_time\" content=\"2025-02-17T20:35:53+00:00\" \/>\n<meta property=\"og:image\" content=\"https:\/\/koalaescuelas.es\/wp-content\/uploads\/2025\/02\/educacion360_Koala_escuelas_651_607px.png\" \/>\n<meta name=\"twitter:card\" content=\"summary_large_image\" \/>\n<meta name=\"twitter:label1\" content=\"Temps estimat de lectura\" \/>\n\t<meta name=\"twitter:data1\" content=\"1 minut\" \/>\n<script type=\"application\/ld+json\" class=\"yoast-schema-graph\">{\"@context\":\"https:\\\/\\\/schema.org\",\"@graph\":[{\"@type\":\"WebPage\",\"@id\":\"https:\\\/\\\/koalaescuelas.es\\\/ca\\\/\",\"url\":\"https:\\\/\\\/koalaescuelas.es\\\/ca\\\/\",\"name\":\"Koala Escoles Bressol\",\"isPartOf\":{\"@id\":\"https:\\\/\\\/koalaescuelas.es\\\/ca\\\/#website\"},\"primaryImageOfPage\":{\"@id\":\"https:\\\/\\\/koalaescuelas.es\\\/ca\\\/#primaryimage\"},\"image\":{\"@id\":\"https:\\\/\\\/koalaescuelas.es\\\/ca\\\/#primaryimage\"},\"thumbnailUrl\":\"https:\\\/\\\/koalaescuelas.es\\\/wp-content\\\/uploads\\\/2025\\\/02\\\/educacion360_Koala_escuelas_651_607px.png\",\"datePublished\":\"2017-10-28T09:49:31+00:00\",\"dateModified\":\"2025-02-17T20:35:53+00:00\",\"description\":\"En Coala Escoles Infantils som conscients de la import\u00e0ncia del paper dels serveis educatius en l'etapa infantil per a aconseguir el complet desenvolupament i la felicitat dels m\u00e9s petits, aix\u00ed com per a ajudar les fam\u00edlies a conciliar la vida personal, familiar i laboral.\",\"inLanguage\":\"ca\",\"potentialAction\":[{\"@type\":\"ReadAction\",\"target\":[\"https:\\\/\\\/koalaescuelas.es\\\/ca\\\/\"]}]},{\"@type\":\"ImageObject\",\"inLanguage\":\"ca\",\"@id\":\"https:\\\/\\\/koalaescuelas.es\\\/ca\\\/#primaryimage\",\"url\":\"https:\\\/\\\/koalaescuelas.es\\\/wp-content\\\/uploads\\\/2025\\\/02\\\/educacion360_Koala_escuelas_651_607px.png\",\"contentUrl\":\"https:\\\/\\\/koalaescuelas.es\\\/wp-content\\\/uploads\\\/2025\\\/02\\\/educacion360_Koala_escuelas_651_607px.png\"},{\"@type\":\"WebSite\",\"@id\":\"https:\\\/\\\/koalaescuelas.es\\\/ca\\\/#website\",\"url\":\"https:\\\/\\\/koalaescuelas.es\\\/ca\\\/\",\"name\":\"Koala Escoles Bressol\",\"description\":\"\",\"publisher\":{\"@id\":\"https:\\\/\\\/koalaescuelas.es\\\/ca\\\/#organization\"},\"potentialAction\":[{\"@type\":\"SearchAction\",\"target\":{\"@type\":\"EntryPoint\",\"urlTemplate\":\"https:\\\/\\\/koalaescuelas.es\\\/ca\\\/?s={search_term_string}\"},\"query-input\":{\"@type\":\"PropertyValueSpecification\",\"valueRequired\":true,\"valueName\":\"search_term_string\"}}],\"inLanguage\":\"ca\"},{\"@type\":\"Organization\",\"@id\":\"https:\\\/\\\/koalaescuelas.es\\\/ca\\\/#organization\",\"name\":\"Koala Escoles Bressol\",\"url\":\"https:\\\/\\\/koalaescuelas.es\\\/ca\\\/\",\"logo\":{\"@type\":\"ImageObject\",\"inLanguage\":\"ca\",\"@id\":\"https:\\\/\\\/koalaescuelas.es\\\/ca\\\/#\\\/schema\\\/logo\\\/image\\\/\",\"url\":\"https:\\\/\\\/koalaescuelas.es\\\/ca\\\/wp-content\\\/uploads\\\/sites\\\/89\\\/2020\\\/11\\\/logo_12_K.ng_cat.png\",\"contentUrl\":\"https:\\\/\\\/koalaescuelas.es\\\/ca\\\/wp-content\\\/uploads\\\/sites\\\/89\\\/2020\\\/11\\\/logo_12_K.ng_cat.png\",\"width\":176,\"height\":36,\"caption\":\"Koala Escoles Bressol\"},\"image\":{\"@id\":\"https:\\\/\\\/koalaescuelas.es\\\/ca\\\/#\\\/schema\\\/logo\\\/image\\\/\"}}]}<\/script>\n<!-- \/ Yoast SEO plugin. -->","yoast_head_json":{"title":"Koala Escoles Bressol","description":"En Coala Escoles Infantils som conscients de la import\u00e0ncia del paper dels serveis educatius en l'etapa infantil per a aconseguir el complet desenvolupament i la felicitat dels m\u00e9s petits, aix\u00ed com per a ajudar les fam\u00edlies a conciliar la vida personal, familiar i laboral.","robots":{"index":"index","follow":"follow","max-snippet":"max-snippet:-1","max-image-preview":"max-image-preview:large","max-video-preview":"max-video-preview:-1"},"canonical":"https:\/\/koalaescuelas.es\/ca\/","og_locale":"ca_ES","og_type":"article","og_title":"Koala Escoles Bressol","og_description":"En Coala Escoles Infantils som conscients de la import\u00e0ncia del paper dels serveis educatius en l'etapa infantil per a aconseguir el complet desenvolupament i la felicitat dels m\u00e9s petits, aix\u00ed com per a ajudar les fam\u00edlies a conciliar la vida personal, familiar i laboral.","og_url":"https:\/\/koalaescuelas.es\/ca\/","og_site_name":"Koala Escoles Bressol","article_modified_time":"2025-02-17T20:35:53+00:00","og_image":[{"url":"https:\/\/koalaescuelas.es\/wp-content\/uploads\/2025\/02\/educacion360_Koala_escuelas_651_607px.png","type":"","width":"","height":""}],"twitter_card":"summary_large_image","twitter_misc":{"Temps estimat de lectura":"1 minut"},"schema":{"@context":"https:\/\/schema.org","@graph":[{"@type":"WebPage","@id":"https:\/\/koalaescuelas.es\/ca\/","url":"https:\/\/koalaescuelas.es\/ca\/","name":"Koala Escoles Bressol","isPartOf":{"@id":"https:\/\/koalaescuelas.es\/ca\/#website"},"primaryImageOfPage":{"@id":"https:\/\/koalaescuelas.es\/ca\/#primaryimage"},"image":{"@id":"https:\/\/koalaescuelas.es\/ca\/#primaryimage"},"thumbnailUrl":"https:\/\/koalaescuelas.es\/wp-content\/uploads\/2025\/02\/educacion360_Koala_escuelas_651_607px.png","datePublished":"2017-10-28T09:49:31+00:00","dateModified":"2025-02-17T20:35:53+00:00","description":"En Coala Escoles Infantils som conscients de la import\u00e0ncia del paper dels serveis educatius en l'etapa infantil per a aconseguir el complet desenvolupament i la felicitat dels m\u00e9s petits, aix\u00ed com per a ajudar les fam\u00edlies a conciliar la vida personal, familiar i laboral.","inLanguage":"ca","potentialAction":[{"@type":"ReadAction","target":["https:\/\/koalaescuelas.es\/ca\/"]}]},{"@type":"ImageObject","inLanguage":"ca","@id":"https:\/\/koalaescuelas.es\/ca\/#primaryimage","url":"https:\/\/koalaescuelas.es\/wp-content\/uploads\/2025\/02\/educacion360_Koala_escuelas_651_607px.png","contentUrl":"https:\/\/koalaescuelas.es\/wp-content\/uploads\/2025\/02\/educacion360_Koala_escuelas_651_607px.png"},{"@type":"WebSite","@id":"https:\/\/koalaescuelas.es\/ca\/#website","url":"https:\/\/koalaescuelas.es\/ca\/","name":"Koala Escoles Bressol","description":"","publisher":{"@id":"https:\/\/koalaescuelas.es\/ca\/#organization"},"potentialAction":[{"@type":"SearchAction","target":{"@type":"EntryPoint","urlTemplate":"https:\/\/koalaescuelas.es\/ca\/?s={search_term_string}"},"query-input":{"@type":"PropertyValueSpecification","valueRequired":true,"valueName":"search_term_string"}}],"inLanguage":"ca"},{"@type":"Organization","@id":"https:\/\/koalaescuelas.es\/ca\/#organization","name":"Koala Escoles Bressol","url":"https:\/\/koalaescuelas.es\/ca\/","logo":{"@type":"ImageObject","inLanguage":"ca","@id":"https:\/\/koalaescuelas.es\/ca\/#\/schema\/logo\/image\/","url":"https:\/\/koalaescuelas.es\/ca\/wp-content\/uploads\/sites\/89\/2020\/11\/logo_12_K.ng_cat.png","contentUrl":"https:\/\/koalaescuelas.es\/ca\/wp-content\/uploads\/sites\/89\/2020\/11\/logo_12_K.ng_cat.png","width":176,"height":36,"caption":"Koala Escoles Bressol"},"image":{"@id":"https:\/\/koalaescuelas.es\/ca\/#\/schema\/logo\/image\/"}}]}},"_links":{"self":[{"href":"https:\/\/koalaescuelas.es\/ca\/wp-json\/wp\/v2\/pages\/204","targetHints":{"allow":["GET"]}}],"collection":[{"href":"https:\/\/koalaescuelas.es\/ca\/wp-json\/wp\/v2\/pages"}],"about":[{"href":"https:\/\/koalaescuelas.es\/ca\/wp-json\/wp\/v2\/types\/page"}],"author":[{"embeddable":true,"href":"https:\/\/koalaescuelas.es\/ca\/wp-json\/wp\/v2\/users\/1"}],"replies":[{"embeddable":true,"href":"https:\/\/koalaescuelas.es\/ca\/wp-json\/wp\/v2\/comments?post=204"}],"version-history":[{"count":6,"href":"https:\/\/koalaescuelas.es\/ca\/wp-json\/wp\/v2\/pages\/204\/revisions"}],"predecessor-version":[{"id":5865,"href":"https:\/\/koalaescuelas.es\/ca\/wp-json\/wp\/v2\/pages\/204\/revisions\/5865"}],"wp:attachment":[{"href":"https:\/\/koalaescuelas.es\/ca\/wp-json\/wp\/v2\/media?parent=204"}],"curies":[{"name":"wp","href":"https:\/\/api.w.org\/{rel}","templated":true}]}}